{"id":5034,"date":"2024-11-28T17:54:17","date_gmt":"2024-11-28T17:54:17","guid":{"rendered":"https:\/\/singularity.paris\/formations\/"},"modified":"2025-08-28T12:30:55","modified_gmt":"2025-08-28T12:30:55","slug":"formations-neurodiversite","status":"publish","type":"page","link":"https:\/\/singularity-talent.com\/fr\/formations-neurodiversite\/","title":{"rendered":"Formations"},"content":{"rendered":"<?xml encoding=\"utf-8\" ?><div data-elementor-type=\"wp-page\" data-elementor-id=\"5034\" class=\"elementor elementor-5034 elementor-4990\">\n\t\t\t\t\t\t<section class=\"has_eae_slider elementor-section elementor-top-section elementor-element elementor-element-6f96833 elementor-section-boxed elementor-section-height-default elementor-section-height-default\" data-eae-slider=\"19331\" data-id=\"6f96833\" data-element_type=\"section\" data-e-type=\"section\" data-settings='{\"background_background\":\"classic\"}'>\n\t\t\t\t\t\t<div class=\"elementor-container elementor-column-gap-default\">\n\t\t\t\t\t<div class=\"has_eae_slider elementor-column elementor-col-100 elementor-top-column elementor-element elementor-element-3040425\" data-eae-slider=\"82832\" data-id=\"3040425\" data-element_type=\"column\" data-e-type=\"column\">\n\t\t\t<div class=\"elementor-widget-wrap\">\n\t\t\t\t\t\t\t<\/div>\n\t\t<\/div>\n\t\t\t\t\t<\/div>\n\t\t<\/section>\n\t\t\t\t<section class=\"has_eae_slider elementor-section elementor-top-section elementor-element elementor-element-75731f8 elementor-section-boxed elementor-section-height-default elementor-section-height-default\" data-eae-slider=\"67688\" data-id=\"75731f8\" data-element_type=\"section\" data-e-type=\"section\">\n\t\t\t\t\t\t<div class=\"elementor-container elementor-column-gap-default\">\n\t\t\t\t\t<div class=\"has_eae_slider elementor-column elementor-col-50 elementor-top-column elementor-element elementor-element-c24f0b7\" data-eae-slider=\"85387\" data-id=\"c24f0b7\" data-element_type=\"column\" data-e-type=\"column\">\n\t\t\t<div class=\"elementor-widget-wrap elementor-element-populated\">\n\t\t\t\t\t\t<div class=\"elementor-element elementor-element-6c4f77f elementor-invisible elementor-widget elementor-widget-image\" data-id=\"6c4f77f\" data-element_type=\"widget\" data-e-type=\"widget\" data-settings='{\"_animation\":\"fadeIn\"}' data-widget_type=\"image.default\">\n\t\t\t\t<div class=\"elementor-widget-container\">\n\t\t\t\t\t\t\t\t\t\t\t\t\t\t\t<img fetchpriority=\"high\" decoding=\"async\" width=\"1024\" height=\"818\" src=\"https:\/\/singularity-talent.com\/wp-content\/uploads\/2025\/07\/8295A156-2CD9-443B-AC17-C84F24FE9658-1-1-1024x818.jpg\" class=\"attachment-large size-large wp-image-5924\" alt=\"Formation Neurodiversit&eacute;\" srcset=\"https:\/\/singularity-talent.com\/wp-content\/uploads\/2025\/07\/8295A156-2CD9-443B-AC17-C84F24FE9658-1-1-1024x818.jpg 1024w, https:\/\/singularity-talent.com\/wp-content\/uploads\/2025\/07\/8295A156-2CD9-443B-AC17-C84F24FE9658-1-1-300x240.jpg 300w, https:\/\/singularity-talent.com\/wp-content\/uploads\/2025\/07\/8295A156-2CD9-443B-AC17-C84F24FE9658-1-1-768x614.jpg 768w, https:\/\/singularity-talent.com\/wp-content\/uploads\/2025\/07\/8295A156-2CD9-443B-AC17-C84F24FE9658-1-1-1536x1228.jpg 1536w, https:\/\/singularity-talent.com\/wp-content\/uploads\/2025\/07\/8295A156-2CD9-443B-AC17-C84F24FE9658-1-1-2048x1637.jpg 2048w\" sizes=\"(max-width: 1024px) 100vw, 1024px\">\t\t\t\t\t\t\t\t\t\t\t\t\t\t\t<\/div>\n\t\t\t\t<\/div>\n\t\t\t\t\t<\/div>\n\t\t<\/div>\n\t\t\t\t<div class=\"has_eae_slider elementor-column elementor-col-50 elementor-top-column elementor-element elementor-element-a3e6f2d\" data-eae-slider=\"65097\" data-id=\"a3e6f2d\" data-element_type=\"column\" data-e-type=\"column\">\n\t\t\t<div class=\"elementor-widget-wrap elementor-element-populated\">\n\t\t\t\t\t\t<div class=\"elementor-element elementor-element-1ab9d92 elementor-invisible elementor-widget elementor-widget-image\" data-id=\"1ab9d92\" data-element_type=\"widget\" data-e-type=\"widget\" data-settings='{\"_animation\":\"fadeIn\"}' data-widget_type=\"image.default\">\n\t\t\t\t<div class=\"elementor-widget-container\">\n\t\t\t\t\t\t\t\t\t\t\t\t\t\t\t<img decoding=\"async\" width=\"1024\" height=\"818\" src=\"https:\/\/singularity-talent.com\/wp-content\/uploads\/2025\/07\/IMG_9217-4-1-1-1024x818.jpg\" class=\"attachment-large size-large wp-image-5922\" alt=\"Formation Neurodiversit&eacute;\" srcset=\"https:\/\/singularity-talent.com\/wp-content\/uploads\/2025\/07\/IMG_9217-4-1-1-1024x818.jpg 1024w, https:\/\/singularity-talent.com\/wp-content\/uploads\/2025\/07\/IMG_9217-4-1-1-300x240.jpg 300w, https:\/\/singularity-talent.com\/wp-content\/uploads\/2025\/07\/IMG_9217-4-1-1-768x614.jpg 768w, https:\/\/singularity-talent.com\/wp-content\/uploads\/2025\/07\/IMG_9217-4-1-1-1536x1228.jpg 1536w, https:\/\/singularity-talent.com\/wp-content\/uploads\/2025\/07\/IMG_9217-4-1-1-2048x1637.jpg 2048w\" sizes=\"(max-width: 1024px) 100vw, 1024px\">\t\t\t\t\t\t\t\t\t\t\t\t\t\t\t<\/div>\n\t\t\t\t<\/div>\n\t\t\t\t\t<\/div>\n\t\t<\/div>\n\t\t\t\t\t<\/div>\n\t\t<\/section>\n\t\t\t\t<section class=\"has_eae_slider elementor-section elementor-top-section elementor-element elementor-element-415d9cc elementor-section-boxed elementor-section-height-default elementor-section-height-default\" data-eae-slider=\"87778\" data-id=\"415d9cc\" data-element_type=\"section\" data-e-type=\"section\">\n\t\t\t\t\t\t<div class=\"elementor-container elementor-column-gap-default\">\n\t\t\t\t\t<div class=\"has_eae_slider elementor-column elementor-col-100 elementor-top-column elementor-element elementor-element-fd15dc4\" data-eae-slider=\"55033\" data-id=\"fd15dc4\" data-element_type=\"column\" data-e-type=\"column\">\n\t\t\t<div class=\"elementor-widget-wrap elementor-element-populated\">\n\t\t\t\t\t\t<section class=\"has_eae_slider elementor-section elementor-inner-section elementor-element elementor-element-8eabbb2 elementor-section-boxed elementor-section-height-default elementor-section-height-default\" data-eae-slider=\"11954\" data-id=\"8eabbb2\" data-element_type=\"section\" data-e-type=\"section\">\n\t\t\t\t\t\t<div class=\"elementor-container elementor-column-gap-default\">\n\t\t\t\t\t<div class=\"has_eae_slider elementor-column elementor-col-100 elementor-inner-column elementor-element elementor-element-5cc3fd0\" data-eae-slider=\"70574\" data-id=\"5cc3fd0\" data-element_type=\"column\" data-e-type=\"column\">\n\t\t\t<div class=\"elementor-widget-wrap elementor-element-populated\">\n\t\t\t\t\t\t<div class=\"elementor-element elementor-element-82cb40e elementor-widget elementor-widget-text-editor\" data-id=\"82cb40e\" data-element_type=\"widget\" data-e-type=\"widget\" data-widget_type=\"text-editor.default\">\n\t\t\t\t<div class=\"elementor-widget-container\">\n\t\t\t\t\t\t\t\t\t<?xml encoding=\"utf-8\" ?><p>Nos programmes de formation sont exclusifs et op&eacute;rationnels, et vous transmettent des m&eacute;thodes efficaces pour lib&eacute;rer le potentiel de la neurodiversit&eacute;.<br><br>Nous proposons une large gamme de formats, des masterclasses aux programmes longs, adapt&eacute;s aux besoins sp&eacute;cifiques des organisations (Ressources Humaines, Diversit&eacute;&amp;Inclusion, direction, Managers&hellip;) et des professionnels de la neurodiversit&eacute;.<br><br>Des formations sur-mesure peuvent &ecirc;tre d&eacute;velopp&eacute;es &agrave; la demande en fonction de vos besoins. Le d&eacute;lai de mise en place est d&rsquo;un mois.<\/p>\n\t\t\t\t\t\t\t\t<\/div>\n\t\t\t\t<\/div>\n\t\t\t\t\t<\/div>\n\t\t<\/div>\n\t\t\t\t\t<\/div>\n\t\t<\/section>\n\t\t\t\t\t<\/div>\n\t\t<\/div>\n\t\t\t\t\t<\/div>\n\t\t<\/section>\n\t\t\t\t<section class=\"has_eae_slider elementor-section elementor-top-section elementor-element elementor-element-68aacc9 elementor-section-boxed elementor-section-height-default elementor-section-height-default\" data-eae-slider=\"15187\" data-id=\"68aacc9\" data-element_type=\"section\" data-e-type=\"section\">\n\t\t\t\t\t\t<div class=\"elementor-container elementor-column-gap-default\">\n\t\t\t\t\t<div class=\"has_eae_slider elementor-column elementor-col-100 elementor-top-column elementor-element elementor-element-2879e60\" data-eae-slider=\"51960\" data-id=\"2879e60\" data-element_type=\"column\" data-e-type=\"column\">\n\t\t\t<div class=\"elementor-widget-wrap elementor-element-populated\">\n\t\t\t\t\t\t<div class=\"elementor-element elementor-element-5919007 elementor-align-center elementor-widget elementor-widget-button\" data-id=\"5919007\" data-element_type=\"widget\" data-e-type=\"widget\" data-widget_type=\"button.default\">\n\t\t\t\t<div class=\"elementor-widget-container\">\n\t\t\t\t\t\t\t\t\t<div class=\"elementor-button-wrapper\">\n\t\t\t\t\t<a class=\"elementor-button elementor-button-link elementor-size-sm\" href=\"https:\/\/singularity-talent.com\/fr\/contact\/\" target=\"_blank\">\n\t\t\t\t\t\t<span class=\"elementor-button-content-wrapper\">\n\t\t\t\t\t\t<span class=\"elementor-button-icon\">\n\t\t\t\t<i aria-hidden=\"true\" class=\"far fa-envelope\"><\/i>\t\t\t<\/span>\n\t\t\t\t\t\t\t\t\t<span class=\"elementor-button-text\">Nous contacter<\/span>\n\t\t\t\t\t<\/span>\n\t\t\t\t\t<\/a>\n\t\t\t\t<\/div>\n\t\t\t\t\t\t\t\t<\/div>\n\t\t\t\t<\/div>\n\t\t\t\t<div class=\"elementor-element elementor-element-0be32a7 elementor-widget elementor-widget-html\" data-id=\"0be32a7\" data-element_type=\"widget\" data-e-type=\"widget\" data-widget_type=\"html.default\">\n\t\t\t\t<div class=\"elementor-widget-container\">\n\t\t\t\t\t<div class=\"trainings-container\"><div class=\"training-item training-4970\"><div class=\"training-image\">MASTERCLASS NEURODIVERSIT&Eacute;<\/div><div class=\"training-link-button\"><a href=\"https:\/\/singularity-talent.com\/fr\/training\/masterclass-neurodiversite-2\/\">Learn More<\/a><\/div><\/div><div class=\"training-item training-4972\"><div class=\"training-image\">LES FONDAMENTAUX DE LA NEURODIVERSIT&Eacute;<\/div><div class=\"training-link-button\"><a href=\"https:\/\/singularity-talent.com\/fr\/training\/les-fondamentaux-de-la-neurodiversite\/\">Learn More<\/a><\/div><\/div><div class=\"training-item training-4981\"><div class=\"training-image\">DEVENIR EXPERT\/R&Eacute;F&Eacute;RENT NEURODIVERSIT&Eacute;<\/div><div class=\"training-link-button\"><a href=\"https:\/\/singularity-talent.com\/fr\/training\/devenir-expert-referent-neurodiversite\/\">Learn More<\/a><\/div><\/div><div class=\"training-item training-4977\"><div class=\"training-image\">METTRE EN PLACE UNE STRAT&Eacute;GIE NEURODIVERSIT&Eacute;<\/div><div class=\"training-link-button\"><a href=\"https:\/\/singularity-talent.com\/fr\/training\/mettre-en-place-une-strategie-neurodiversite\/\">Learn More<\/a><\/div><\/div><div class=\"training-item training-4979\"><div class=\"training-image\">D&Eacute;VELOPPER UN PROCESSUS DE RECRUTEMENT NEUROINCLUSIF<\/div><div class=\"training-link-button\"><a href=\"https:\/\/singularity-talent.com\/fr\/training\/developper-un-processus-de-recrutement-neuroinclusif\/\">Learn More<\/a><\/div><\/div><div class=\"training-item training-4975\"><div class=\"training-image\">DEVENIR UN MANAGER NEUROINCLUSIF<\/div><div class=\"training-link-button\"><a href=\"https:\/\/singularity-talent.com\/fr\/training\/devenir-un-manager-neuroinclusif\/\">Learn More<\/a><\/div><\/div><\/div>\t\t\t\t<\/div>\n\t\t\t\t<\/div>\n\t\t\t\t\t<\/div>\n\t\t<\/div>\n\t\t\t\t\t<\/div>\n\t\t<\/section>\n\t\t\t\t<section class=\"has_eae_slider elementor-section elementor-top-section elementor-element elementor-element-6020a1e elementor-section-boxed elementor-section-height-default elementor-section-height-default\" data-eae-slider=\"424\" data-id=\"6020a1e\" data-element_type=\"section\" data-e-type=\"section\">\n\t\t\t\t\t\t<div class=\"elementor-container elementor-column-gap-default\">\n\t\t\t\t\t<div class=\"has_eae_slider elementor-column elementor-col-100 elementor-top-column elementor-element elementor-element-13f2a85\" data-eae-slider=\"24799\" data-id=\"13f2a85\" data-element_type=\"column\" data-e-type=\"column\">\n\t\t\t<div class=\"elementor-widget-wrap elementor-element-populated\">\n\t\t\t\t\t\t<div class=\"elementor-element elementor-element-ac259db elementor-align-center elementor-widget elementor-widget-button\" data-id=\"ac259db\" data-element_type=\"widget\" data-e-type=\"widget\" data-widget_type=\"button.default\">\n\t\t\t\t<div class=\"elementor-widget-container\">\n\t\t\t\t\t\t\t\t\t<div class=\"elementor-button-wrapper\">\n\t\t\t\t\t<a class=\"elementor-button elementor-button-link elementor-size-sm\" href=\"https:\/\/docs.google.com\/forms\/d\/e\/1FAIpQLSeGcrrqx_mDN7_USebHIJniJwKFCTZs0oqOwwLAVbiIzE87qw\/viewform\" target=\"_blank\">\n\t\t\t\t\t\t<span class=\"elementor-button-content-wrapper\">\n\t\t\t\t\t\t\t\t\t<span class=\"elementor-button-text\">Recevez les programmes de formation d&eacute;taill&eacute;s<\/span>\n\t\t\t\t\t<\/span>\n\t\t\t\t\t<\/a>\n\t\t\t\t<\/div>\n\t\t\t\t\t\t\t\t<\/div>\n\t\t\t\t<\/div>\n\t\t\t\t\t<\/div>\n\t\t<\/div>\n\t\t\t\t\t<\/div>\n\t\t<\/section>\n\t\t\t\t<\/div>\n","protected":false},"excerpt":{"rendered":"<p>Nos programmes de formation sont exclusifs et op&eacute;rationnels, et vous transmettent des m&eacute;thodes efficaces pour lib&eacute;rer le potentiel de la neurodiversit&eacute;.Nous proposons une large gamme de formats, des masterclasses aux programmes longs, adapt&eacute;s aux besoins sp&eacute;cifiques des organisations (Ressources Humaines, Diversit&eacute;&amp;Inclusion, direction, Managers&hellip;) et des professionnels de la neurodiversit&eacute;.Des formations sur-mesure peuvent &ecirc;tre d&eacute;velopp&eacute;es &agrave; [&hellip;]<\/p>\n","protected":false},"author":3,"featured_media":0,"parent":0,"menu_order":0,"comment_status":"closed","ping_status":"closed","template":"","meta":{"_acf_changed":false,"site-sidebar-layout":"no-sidebar","site-content-layout":"page-builder","ast-site-content-layout":"full-width-container","site-content-style":"default","site-sidebar-style":"default","ast-global-header-display":"","ast-banner-title-visibility":"","ast-main-header-display":"","ast-hfb-above-header-display":"","ast-hfb-below-header-display":"","ast-hfb-mobile-header-display":"","site-post-title":"disabled","ast-breadcrumbs-content":"","ast-featured-img":"disabled","footer-sml-layout":"","theme-transparent-header-meta":"default","adv-header-id-meta":"","stick-header-meta":"","header-above-stick-meta":"","header-main-stick-meta":"","header-below-stick-meta":"","astra-migrate-meta-layouts":"set","ast-page-background-enabled":"default","ast-page-background-meta":{"desktop":{"background-color":"","background-image":"","background-repeat":"repeat","background-position":"center center","background-size":"auto","background-attachment":"scroll","background-type":"","background-media":"","overlay-type":"","overlay-color":"","overlay-opacity":"","overlay-gradient":""},"tablet":{"background-color":"","background-image":"","background-repeat":"repeat","background-position":"center center","background-size":"auto","background-attachment":"scroll","background-type":"","background-media":"","overlay-type":"","overlay-color":"","overlay-opacity":"","overlay-gradient":""},"mobile":{"background-color":"","background-image":"","background-repeat":"repeat","background-position":"center center","background-size":"auto","background-attachment":"scroll","background-type":"","background-media":"","overlay-type":"","overlay-color":"","overlay-opacity":"","overlay-gradient":""}},"ast-content-background-meta":{"desktop":{"background-color":"var(--ast-global-color-5)","background-image":"","background-repeat":"repeat","background-position":"center center","background-size":"auto","background-attachment":"scroll","background-type":"","background-media":"","overlay-type":"","overlay-color":"","overlay-opacity":"","overlay-gradient":""},"tablet":{"background-color":"var(--ast-global-color-5)","background-image":"","background-repeat":"repeat","background-position":"center center","background-size":"auto","background-attachment":"scroll","background-type":"","background-media":"","overlay-type":"","overlay-color":"","overlay-opacity":"","overlay-gradient":""},"mobile":{"background-color":"var(--ast-global-color-5)","background-image":"","background-repeat":"repeat","background-position":"center center","background-size":"auto","background-attachment":"scroll","background-type":"","background-media":"","overlay-type":"","overlay-color":"","overlay-opacity":"","overlay-gradient":""}},"footnotes":""},"class_list":["post-5034","page","type-page","status-publish","hentry"],"acf":[],"yoast_head":"<!-- This site is optimized with the Yoast SEO plugin v27.4 - https:\/\/yoast.com\/product\/yoast-seo-wordpress\/ -->\n<title>Formations Neurodiversit\u00e9 \u2013 Singularity Paris<\/title>\n<meta name=\"description\" content=\"Singularity propose des formations en neurodiversit\u00e9 pour aider les entreprises \u00e0 cr\u00e9er des environnements inclusifs et performants.\" \/>\n<meta name=\"robots\" content=\"index, follow, max-snippet:-1, max-image-preview:large, max-video-preview:-1\" \/>\n<link rel=\"canonical\" href=\"https:\/\/singularity-talent.com\/fr\/formations-neurodiversite\/\" \/>\n<meta property=\"og:locale\" content=\"fr_FR\" \/>\n<meta property=\"og:type\" content=\"article\" \/>\n<meta property=\"og:title\" content=\"Formations Neurodiversit\u00e9 \u2013 Singularity Paris\" \/>\n<meta property=\"og:description\" content=\"Singularity propose des formations en neurodiversit\u00e9 pour aider les entreprises \u00e0 cr\u00e9er des environnements inclusifs et performants.\" \/>\n<meta property=\"og:url\" content=\"https:\/\/singularity-talent.com\/fr\/formations-neurodiversite\/\" \/>\n<meta property=\"og:site_name\" content=\"SINGULARITY TALENT\" \/>\n<meta property=\"article:modified_time\" content=\"2025-08-28T12:30:55+00:00\" \/>\n<meta property=\"og:image\" content=\"https:\/\/singularity-talent.com\/wp-content\/uploads\/2025\/07\/8295A156-2CD9-443B-AC17-C84F24FE9658-1-1.jpg\" \/>\n\t<meta property=\"og:image:width\" content=\"1920\" \/>\n\t<meta property=\"og:image:height\" content=\"1535\" \/>\n\t<meta property=\"og:image:type\" content=\"image\/jpeg\" \/>\n<meta name=\"twitter:card\" content=\"summary_large_image\" \/>\n<meta name=\"twitter:label1\" content=\"Dur\u00e9e de lecture estim\u00e9e\" \/>\n\t<meta name=\"twitter:data1\" content=\"1 minute\" \/>\n<script type=\"application\/ld+json\" class=\"yoast-schema-graph\">{\"@context\":\"https:\\\/\\\/schema.org\",\"@graph\":[{\"@type\":\"WebPage\",\"@id\":\"https:\\\/\\\/singularity-talent.com\\\/fr\\\/formations-neurodiversite\\\/\",\"url\":\"https:\\\/\\\/singularity-talent.com\\\/fr\\\/formations-neurodiversite\\\/\",\"name\":\"Formations Neurodiversit\u00e9 \u2013 Singularity Paris\",\"isPartOf\":{\"@id\":\"https:\\\/\\\/singularity-talent.com\\\/fr\\\/#website\"},\"primaryImageOfPage\":{\"@id\":\"https:\\\/\\\/singularity-talent.com\\\/fr\\\/formations-neurodiversite\\\/#primaryimage\"},\"image\":{\"@id\":\"https:\\\/\\\/singularity-talent.com\\\/fr\\\/formations-neurodiversite\\\/#primaryimage\"},\"thumbnailUrl\":\"https:\\\/\\\/singularity-talent.com\\\/wp-content\\\/uploads\\\/2025\\\/07\\\/8295A156-2CD9-443B-AC17-C84F24FE9658-1-1-1024x818.jpg\",\"datePublished\":\"2024-11-28T17:54:17+00:00\",\"dateModified\":\"2025-08-28T12:30:55+00:00\",\"description\":\"Singularity propose des formations en neurodiversit\u00e9 pour aider les entreprises \u00e0 cr\u00e9er des environnements inclusifs et performants.\",\"breadcrumb\":{\"@id\":\"https:\\\/\\\/singularity-talent.com\\\/fr\\\/formations-neurodiversite\\\/#breadcrumb\"},\"inLanguage\":\"fr-FR\",\"potentialAction\":[{\"@type\":\"ReadAction\",\"target\":[\"https:\\\/\\\/singularity-talent.com\\\/fr\\\/formations-neurodiversite\\\/\"]}]},{\"@type\":\"ImageObject\",\"inLanguage\":\"fr-FR\",\"@id\":\"https:\\\/\\\/singularity-talent.com\\\/fr\\\/formations-neurodiversite\\\/#primaryimage\",\"url\":\"https:\\\/\\\/singularity-talent.com\\\/wp-content\\\/uploads\\\/2025\\\/07\\\/8295A156-2CD9-443B-AC17-C84F24FE9658-1-1-1024x818.jpg\",\"contentUrl\":\"https:\\\/\\\/singularity-talent.com\\\/wp-content\\\/uploads\\\/2025\\\/07\\\/8295A156-2CD9-443B-AC17-C84F24FE9658-1-1-1024x818.jpg\"},{\"@type\":\"BreadcrumbList\",\"@id\":\"https:\\\/\\\/singularity-talent.com\\\/fr\\\/formations-neurodiversite\\\/#breadcrumb\",\"itemListElement\":[{\"@type\":\"ListItem\",\"position\":1,\"name\":\"Accueil\",\"item\":\"https:\\\/\\\/singularity-talent.com\\\/fr\\\/\"},{\"@type\":\"ListItem\",\"position\":2,\"name\":\"Formations\"}]},{\"@type\":\"WebSite\",\"@id\":\"https:\\\/\\\/singularity-talent.com\\\/fr\\\/#website\",\"url\":\"https:\\\/\\\/singularity-talent.com\\\/fr\\\/\",\"name\":\"SINGULARITY TALENT\",\"description\":\"\",\"publisher\":{\"@id\":\"https:\\\/\\\/singularity-talent.com\\\/fr\\\/#organization\"},\"potentialAction\":[{\"@type\":\"SearchAction\",\"target\":{\"@type\":\"EntryPoint\",\"urlTemplate\":\"https:\\\/\\\/singularity-talent.com\\\/fr\\\/?s={search_term_string}\"},\"query-input\":{\"@type\":\"PropertyValueSpecification\",\"valueRequired\":true,\"valueName\":\"search_term_string\"}}],\"inLanguage\":\"fr-FR\"},{\"@type\":\"Organization\",\"@id\":\"https:\\\/\\\/singularity-talent.com\\\/fr\\\/#organization\",\"name\":\"SINGULARITY TALENT\",\"url\":\"https:\\\/\\\/singularity-talent.com\\\/fr\\\/\",\"logo\":{\"@type\":\"ImageObject\",\"inLanguage\":\"fr-FR\",\"@id\":\"https:\\\/\\\/singularity-talent.com\\\/fr\\\/#\\\/schema\\\/logo\\\/image\\\/\",\"url\":\"https:\\\/\\\/singularity-talent.com\\\/wp-content\\\/uploads\\\/2020\\\/12\\\/logobig.png\",\"contentUrl\":\"https:\\\/\\\/singularity-talent.com\\\/wp-content\\\/uploads\\\/2020\\\/12\\\/logobig.png\",\"width\":502,\"height\":96,\"caption\":\"SINGULARITY TALENT\"},\"image\":{\"@id\":\"https:\\\/\\\/singularity-talent.com\\\/fr\\\/#\\\/schema\\\/logo\\\/image\\\/\"}}]}<\/script>\n<!-- \/ Yoast SEO plugin. -->","yoast_head_json":{"title":"Formations Neurodiversit\u00e9 \u2013 Singularity Paris","description":"Singularity propose des formations en neurodiversit\u00e9 pour aider les entreprises \u00e0 cr\u00e9er des environnements inclusifs et performants.","robots":{"index":"index","follow":"follow","max-snippet":"max-snippet:-1","max-image-preview":"max-image-preview:large","max-video-preview":"max-video-preview:-1"},"canonical":"https:\/\/singularity-talent.com\/fr\/formations-neurodiversite\/","og_locale":"fr_FR","og_type":"article","og_title":"Formations Neurodiversit\u00e9 \u2013 Singularity Paris","og_description":"Singularity propose des formations en neurodiversit\u00e9 pour aider les entreprises \u00e0 cr\u00e9er des environnements inclusifs et performants.","og_url":"https:\/\/singularity-talent.com\/fr\/formations-neurodiversite\/","og_site_name":"SINGULARITY TALENT","article_modified_time":"2025-08-28T12:30:55+00:00","og_image":[{"width":1920,"height":1535,"url":"https:\/\/singularity-talent.com\/wp-content\/uploads\/2025\/07\/8295A156-2CD9-443B-AC17-C84F24FE9658-1-1.jpg","type":"image\/jpeg"}],"twitter_card":"summary_large_image","twitter_misc":{"Dur\u00e9e de lecture estim\u00e9e":"1 minute"},"schema":{"@context":"https:\/\/schema.org","@graph":[{"@type":"WebPage","@id":"https:\/\/singularity-talent.com\/fr\/formations-neurodiversite\/","url":"https:\/\/singularity-talent.com\/fr\/formations-neurodiversite\/","name":"Formations Neurodiversit\u00e9 \u2013 Singularity Paris","isPartOf":{"@id":"https:\/\/singularity-talent.com\/fr\/#website"},"primaryImageOfPage":{"@id":"https:\/\/singularity-talent.com\/fr\/formations-neurodiversite\/#primaryimage"},"image":{"@id":"https:\/\/singularity-talent.com\/fr\/formations-neurodiversite\/#primaryimage"},"thumbnailUrl":"https:\/\/singularity-talent.com\/wp-content\/uploads\/2025\/07\/8295A156-2CD9-443B-AC17-C84F24FE9658-1-1-1024x818.jpg","datePublished":"2024-11-28T17:54:17+00:00","dateModified":"2025-08-28T12:30:55+00:00","description":"Singularity propose des formations en neurodiversit\u00e9 pour aider les entreprises \u00e0 cr\u00e9er des environnements inclusifs et performants.","breadcrumb":{"@id":"https:\/\/singularity-talent.com\/fr\/formations-neurodiversite\/#breadcrumb"},"inLanguage":"fr-FR","potentialAction":[{"@type":"ReadAction","target":["https:\/\/singularity-talent.com\/fr\/formations-neurodiversite\/"]}]},{"@type":"ImageObject","inLanguage":"fr-FR","@id":"https:\/\/singularity-talent.com\/fr\/formations-neurodiversite\/#primaryimage","url":"https:\/\/singularity-talent.com\/wp-content\/uploads\/2025\/07\/8295A156-2CD9-443B-AC17-C84F24FE9658-1-1-1024x818.jpg","contentUrl":"https:\/\/singularity-talent.com\/wp-content\/uploads\/2025\/07\/8295A156-2CD9-443B-AC17-C84F24FE9658-1-1-1024x818.jpg"},{"@type":"BreadcrumbList","@id":"https:\/\/singularity-talent.com\/fr\/formations-neurodiversite\/#breadcrumb","itemListElement":[{"@type":"ListItem","position":1,"name":"Accueil","item":"https:\/\/singularity-talent.com\/fr\/"},{"@type":"ListItem","position":2,"name":"Formations"}]},{"@type":"WebSite","@id":"https:\/\/singularity-talent.com\/fr\/#website","url":"https:\/\/singularity-talent.com\/fr\/","name":"SINGULARITY TALENT","description":"","publisher":{"@id":"https:\/\/singularity-talent.com\/fr\/#organization"},"potentialAction":[{"@type":"SearchAction","target":{"@type":"EntryPoint","urlTemplate":"https:\/\/singularity-talent.com\/fr\/?s={search_term_string}"},"query-input":{"@type":"PropertyValueSpecification","valueRequired":true,"valueName":"search_term_string"}}],"inLanguage":"fr-FR"},{"@type":"Organization","@id":"https:\/\/singularity-talent.com\/fr\/#organization","name":"SINGULARITY TALENT","url":"https:\/\/singularity-talent.com\/fr\/","logo":{"@type":"ImageObject","inLanguage":"fr-FR","@id":"https:\/\/singularity-talent.com\/fr\/#\/schema\/logo\/image\/","url":"https:\/\/singularity-talent.com\/wp-content\/uploads\/2020\/12\/logobig.png","contentUrl":"https:\/\/singularity-talent.com\/wp-content\/uploads\/2020\/12\/logobig.png","width":502,"height":96,"caption":"SINGULARITY TALENT"},"image":{"@id":"https:\/\/singularity-talent.com\/fr\/#\/schema\/logo\/image\/"}}]}},"_links":{"self":[{"href":"https:\/\/singularity-talent.com\/fr\/wp-json\/wp\/v2\/pages\/5034","targetHints":{"allow":["GET"]}}],"collection":[{"href":"https:\/\/singularity-talent.com\/fr\/wp-json\/wp\/v2\/pages"}],"about":[{"href":"https:\/\/singularity-talent.com\/fr\/wp-json\/wp\/v2\/types\/page"}],"author":[{"embeddable":true,"href":"https:\/\/singularity-talent.com\/fr\/wp-json\/wp\/v2\/users\/3"}],"replies":[{"embeddable":true,"href":"https:\/\/singularity-talent.com\/fr\/wp-json\/wp\/v2\/comments?post=5034"}],"version-history":[{"count":20,"href":"https:\/\/singularity-talent.com\/fr\/wp-json\/wp\/v2\/pages\/5034\/revisions"}],"predecessor-version":[{"id":6040,"href":"https:\/\/singularity-talent.com\/fr\/wp-json\/wp\/v2\/pages\/5034\/revisions\/6040"}],"wp:attachment":[{"href":"https:\/\/singularity-talent.com\/fr\/wp-json\/wp\/v2\/media?parent=5034"}],"curies":[{"name":"wp","href":"https:\/\/api.w.org\/{rel}","templated":true}]}}