{"id":4282,"date":"2024-09-06T13:27:47","date_gmt":"2024-09-06T13:27:47","guid":{"rendered":"https:\/\/singularity.paris\/?page_id=4282"},"modified":"2024-09-09T09:54:25","modified_gmt":"2024-09-09T09:54:25","slug":"neurodiversity-decline","status":"publish","type":"page","link":"https:\/\/singularity-talent.com\/fr\/neurodiversity-decline\/","title":{"rendered":"Neurodiversity Decline"},"content":{"rendered":"<?xml encoding=\"utf-8\" ?><div data-elementor-type=\"wp-page\" data-elementor-id=\"4282\" class=\"elementor elementor-4282\">\n\t\t\t\t\t\t<section class=\"has_eae_slider elementor-section elementor-top-section elementor-element elementor-element-8b476e7 elementor-section-full_width elementor-section-height-default elementor-section-height-default\" data-eae-slider=\"63906\" data-id=\"8b476e7\" data-element_type=\"section\" data-e-type=\"section\">\n\t\t\t\t\t\t<div class=\"elementor-container elementor-column-gap-default\">\n\t\t\t\t\t<div class=\"has_eae_slider elementor-column elementor-col-100 elementor-top-column elementor-element elementor-element-b8f71cc\" data-eae-slider=\"61185\" data-id=\"b8f71cc\" data-element_type=\"column\" data-e-type=\"column\">\n\t\t\t<div class=\"elementor-widget-wrap elementor-element-populated\">\n\t\t\t\t\t\t<div class=\"elementor-element elementor-element-745e5cb elementor-widget elementor-widget-image\" data-id=\"745e5cb\" data-element_type=\"widget\" data-e-type=\"widget\" data-widget_type=\"image.default\">\n\t\t\t\t<div class=\"elementor-widget-container\">\n\t\t\t\t\t\t\t\t\t\t\t\t\t\t\t<img fetchpriority=\"high\" decoding=\"async\" width=\"660\" height=\"180\" src=\"https:\/\/singularity-talent.com\/wp-content\/uploads\/2024\/09\/nlf-confirmation-email-banner.png\" class=\"attachment-large size-large wp-image-4364\" alt=\"nlf-confirmation-email-banner\" srcset=\"https:\/\/singularity-talent.com\/wp-content\/uploads\/2024\/09\/nlf-confirmation-email-banner.png 660w, https:\/\/singularity-talent.com\/wp-content\/uploads\/2024\/09\/nlf-confirmation-email-banner-300x82.png 300w\" sizes=\"(max-width: 660px) 100vw, 660px\">\t\t\t\t\t\t\t\t\t\t\t\t\t\t\t<\/div>\n\t\t\t\t<\/div>\n\t\t\t\t<div class=\"elementor-element elementor-element-ec163b1 elementor-widget elementor-widget-spacer\" data-id=\"ec163b1\" data-element_type=\"widget\" data-e-type=\"widget\" data-widget_type=\"spacer.default\">\n\t\t\t\t<div class=\"elementor-widget-container\">\n\t\t\t\t\t\t\t<div class=\"elementor-spacer\">\n\t\t\t<div class=\"elementor-spacer-inner\"><\/div>\n\t\t<\/div>\n\t\t\t\t\t\t<\/div>\n\t\t\t\t<\/div>\n\t\t\t\t<section class=\"has_eae_slider elementor-section elementor-inner-section elementor-element elementor-element-376e240 elementor-section-boxed elementor-section-height-default elementor-section-height-default\" data-eae-slider=\"57876\" data-id=\"376e240\" data-element_type=\"section\" data-e-type=\"section\">\n\t\t\t\t\t\t<div class=\"elementor-container elementor-column-gap-default\">\n\t\t\t\t\t<div class=\"has_eae_slider elementor-column elementor-col-100 elementor-inner-column elementor-element elementor-element-27fc535\" data-eae-slider=\"53300\" data-id=\"27fc535\" data-element_type=\"column\" data-e-type=\"column\">\n\t\t\t<div class=\"elementor-widget-wrap elementor-element-populated\">\n\t\t\t\t\t\t<div class=\"elementor-element elementor-element-1391d00 elementor-widget elementor-widget-heading\" data-id=\"1391d00\" data-element_type=\"widget\" data-e-type=\"widget\" data-widget_type=\"heading.default\">\n\t\t\t\t<div class=\"elementor-widget-container\">\n\t\t\t\t\t<h2 class=\"elementor-heading-title elementor-size-default\">Merci pour votre r&eacute;ponse, nous en prenons bonne note.<br><br>\n\n&Agrave; bient&ocirc;t !<\/h2>\t\t\t\t<\/div>\n\t\t\t\t<\/div>\n\t\t\t\t\t<\/div>\n\t\t<\/div>\n\t\t\t\t\t<\/div>\n\t\t<\/section>\n\t\t\t\t\t<\/div>\n\t\t<\/div>\n\t\t\t\t\t<\/div>\n\t\t<\/section>\n\t\t\t\t<\/div>\n","protected":false},"excerpt":{"rendered":"<p>Merci pour votre r&eacute;ponse, nous en prenons bonne note. &Agrave; bient&ocirc;t !<\/p>\n","protected":false},"author":3,"featured_media":0,"parent":0,"menu_order":0,"comment_status":"closed","ping_status":"closed","template":"elementor_canvas","meta":{"_acf_changed":false,"site-sidebar-layout":"no-sidebar","site-content-layout":"page-builder","ast-site-content-layout":"","site-content-style":"default","site-sidebar-style":"default","ast-global-header-display":"","ast-banner-title-visibility":"","ast-main-header-display":"","ast-hfb-above-header-display":"","ast-hfb-below-header-display":"","ast-hfb-mobile-header-display":"","site-post-title":"disabled","ast-breadcrumbs-content":"","ast-featured-img":"disabled","footer-sml-layout":"","theme-transparent-header-meta":"default","adv-header-id-meta":"","stick-header-meta":"","header-above-stick-meta":"","header-main-stick-meta":"","header-below-stick-meta":"","astra-migrate-meta-layouts":"default","ast-page-background-enabled":"default","ast-page-background-meta":{"desktop":{"background-color":"","background-image":"","background-repeat":"repeat","background-position":"center center","background-size":"auto","background-attachment":"scroll","background-type":"","background-media":"","overlay-type":"","overlay-color":"","overlay-opacity":"","overlay-gradient":""},"tablet":{"background-color":"","background-image":"","background-repeat":"repeat","background-position":"center center","background-size":"auto","background-attachment":"scroll","background-type":"","background-media":"","overlay-type":"","overlay-color":"","overlay-opacity":"","overlay-gradient":""},"mobile":{"background-color":"","background-image":"","background-repeat":"repeat","background-position":"center center","background-size":"auto","background-attachment":"scroll","background-type":"","background-media":"","overlay-type":"","overlay-color":"","overlay-opacity":"","overlay-gradient":""}},"ast-content-background-meta":{"desktop":{"background-color":"var(--ast-global-color-5)","background-image":"","background-repeat":"repeat","background-position":"center center","background-size":"auto","background-attachment":"scroll","background-type":"","background-media":"","overlay-type":"","overlay-color":"","overlay-opacity":"","overlay-gradient":""},"tablet":{"background-color":"var(--ast-global-color-5)","background-image":"","background-repeat":"repeat","background-position":"center center","background-size":"auto","background-attachment":"scroll","background-type":"","background-media":"","overlay-type":"","overlay-color":"","overlay-opacity":"","overlay-gradient":""},"mobile":{"background-color":"var(--ast-global-color-5)","background-image":"","background-repeat":"repeat","background-position":"center center","background-size":"auto","background-attachment":"scroll","background-type":"","background-media":"","overlay-type":"","overlay-color":"","overlay-opacity":"","overlay-gradient":""}},"footnotes":""},"class_list":["post-4282","page","type-page","status-publish","hentry"],"acf":[],"yoast_head":"<!-- This site is optimized with the Yoast SEO plugin v27.5 - https:\/\/yoast.com\/product\/yoast-seo-wordpress\/ -->\n<title>Neurodiversity Decline - SINGULARITY TALENT<\/title>\n<meta name=\"description\" content=\"Merci pour votre r\u00e9ponse, nous en prenons bonne note. \u00c0 bient\u00f4t !\" \/>\n<meta name=\"robots\" content=\"index, follow, max-snippet:-1, max-image-preview:large, max-video-preview:-1\" \/>\n<link rel=\"canonical\" href=\"https:\/\/singularity-talent.com\/fr\/neurodiversity-decline\/\" \/>\n<meta property=\"og:locale\" content=\"fr_FR\" \/>\n<meta property=\"og:type\" content=\"article\" \/>\n<meta property=\"og:title\" content=\"Neurodiversity Decline - SINGULARITY TALENT\" \/>\n<meta property=\"og:description\" content=\"Merci pour votre r\u00e9ponse, nous en prenons bonne note. \u00c0 bient\u00f4t !\" \/>\n<meta property=\"og:url\" content=\"https:\/\/singularity-talent.com\/fr\/neurodiversity-decline\/\" \/>\n<meta property=\"og:site_name\" content=\"SINGULARITY TALENT\" \/>\n<meta property=\"article:modified_time\" content=\"2024-09-09T09:54:25+00:00\" \/>\n<meta property=\"og:image\" content=\"https:\/\/singularity.paris\/wp-content\/uploads\/2024\/09\/nlf-confirmation-email-banner.png\" \/>\n<meta name=\"twitter:card\" content=\"summary_large_image\" \/>\n<meta name=\"twitter:label1\" content=\"Dur\u00e9e de lecture estim\u00e9e\" \/>\n\t<meta name=\"twitter:data1\" content=\"1 minute\" \/>\n<script type=\"application\/ld+json\" class=\"yoast-schema-graph\">{\"@context\":\"https:\\\/\\\/schema.org\",\"@graph\":[{\"@type\":\"WebPage\",\"@id\":\"https:\\\/\\\/singularity-talent.com\\\/fr\\\/neurodiversity-decline\\\/\",\"url\":\"https:\\\/\\\/singularity-talent.com\\\/fr\\\/neurodiversity-decline\\\/\",\"name\":\"Neurodiversity Decline - SINGULARITY TALENT\",\"isPartOf\":{\"@id\":\"https:\\\/\\\/singularity-talent.com\\\/fr\\\/#website\"},\"primaryImageOfPage\":{\"@id\":\"https:\\\/\\\/singularity-talent.com\\\/fr\\\/neurodiversity-decline\\\/#primaryimage\"},\"image\":{\"@id\":\"https:\\\/\\\/singularity-talent.com\\\/fr\\\/neurodiversity-decline\\\/#primaryimage\"},\"thumbnailUrl\":\"https:\\\/\\\/singularity.paris\\\/wp-content\\\/uploads\\\/2024\\\/09\\\/nlf-confirmation-email-banner.png\",\"datePublished\":\"2024-09-06T13:27:47+00:00\",\"dateModified\":\"2024-09-09T09:54:25+00:00\",\"description\":\"Merci pour votre r\u00e9ponse, nous en prenons bonne note. \u00c0 bient\u00f4t !\",\"breadcrumb\":{\"@id\":\"https:\\\/\\\/singularity-talent.com\\\/fr\\\/neurodiversity-decline\\\/#breadcrumb\"},\"inLanguage\":\"fr-FR\",\"potentialAction\":[{\"@type\":\"ReadAction\",\"target\":[\"https:\\\/\\\/singularity-talent.com\\\/fr\\\/neurodiversity-decline\\\/\"]}]},{\"@type\":\"ImageObject\",\"inLanguage\":\"fr-FR\",\"@id\":\"https:\\\/\\\/singularity-talent.com\\\/fr\\\/neurodiversity-decline\\\/#primaryimage\",\"url\":\"https:\\\/\\\/singularity.paris\\\/wp-content\\\/uploads\\\/2024\\\/09\\\/nlf-confirmation-email-banner.png\",\"contentUrl\":\"https:\\\/\\\/singularity.paris\\\/wp-content\\\/uploads\\\/2024\\\/09\\\/nlf-confirmation-email-banner.png\"},{\"@type\":\"BreadcrumbList\",\"@id\":\"https:\\\/\\\/singularity-talent.com\\\/fr\\\/neurodiversity-decline\\\/#breadcrumb\",\"itemListElement\":[{\"@type\":\"ListItem\",\"position\":1,\"name\":\"Accueil\",\"item\":\"https:\\\/\\\/singularity-talent.com\\\/fr\\\/\"},{\"@type\":\"ListItem\",\"position\":2,\"name\":\"Neurodiversity Decline\"}]},{\"@type\":\"WebSite\",\"@id\":\"https:\\\/\\\/singularity-talent.com\\\/fr\\\/#website\",\"url\":\"https:\\\/\\\/singularity-talent.com\\\/fr\\\/\",\"name\":\"SINGULARITY TALENT\",\"description\":\"\",\"publisher\":{\"@id\":\"https:\\\/\\\/singularity-talent.com\\\/fr\\\/#organization\"},\"potentialAction\":[{\"@type\":\"SearchAction\",\"target\":{\"@type\":\"EntryPoint\",\"urlTemplate\":\"https:\\\/\\\/singularity-talent.com\\\/fr\\\/?s={search_term_string}\"},\"query-input\":{\"@type\":\"PropertyValueSpecification\",\"valueRequired\":true,\"valueName\":\"search_term_string\"}}],\"inLanguage\":\"fr-FR\"},{\"@type\":\"Organization\",\"@id\":\"https:\\\/\\\/singularity-talent.com\\\/fr\\\/#organization\",\"name\":\"SINGULARITY TALENT\",\"url\":\"https:\\\/\\\/singularity-talent.com\\\/fr\\\/\",\"logo\":{\"@type\":\"ImageObject\",\"inLanguage\":\"fr-FR\",\"@id\":\"https:\\\/\\\/singularity-talent.com\\\/fr\\\/#\\\/schema\\\/logo\\\/image\\\/\",\"url\":\"https:\\\/\\\/singularity-talent.com\\\/wp-content\\\/uploads\\\/2020\\\/12\\\/logobig.png\",\"contentUrl\":\"https:\\\/\\\/singularity-talent.com\\\/wp-content\\\/uploads\\\/2020\\\/12\\\/logobig.png\",\"width\":502,\"height\":96,\"caption\":\"SINGULARITY TALENT\"},\"image\":{\"@id\":\"https:\\\/\\\/singularity-talent.com\\\/fr\\\/#\\\/schema\\\/logo\\\/image\\\/\"}}]}<\/script>\n<!-- \/ Yoast SEO plugin. -->","yoast_head_json":{"title":"Neurodiversity Decline - SINGULARITY TALENT","description":"Merci pour votre r\u00e9ponse, nous en prenons bonne note. \u00c0 bient\u00f4t !","robots":{"index":"index","follow":"follow","max-snippet":"max-snippet:-1","max-image-preview":"max-image-preview:large","max-video-preview":"max-video-preview:-1"},"canonical":"https:\/\/singularity-talent.com\/fr\/neurodiversity-decline\/","og_locale":"fr_FR","og_type":"article","og_title":"Neurodiversity Decline - SINGULARITY TALENT","og_description":"Merci pour votre r\u00e9ponse, nous en prenons bonne note. \u00c0 bient\u00f4t !","og_url":"https:\/\/singularity-talent.com\/fr\/neurodiversity-decline\/","og_site_name":"SINGULARITY TALENT","article_modified_time":"2024-09-09T09:54:25+00:00","og_image":[{"url":"https:\/\/singularity.paris\/wp-content\/uploads\/2024\/09\/nlf-confirmation-email-banner.png","type":"","width":"","height":""}],"twitter_card":"summary_large_image","twitter_misc":{"Dur\u00e9e de lecture estim\u00e9e":"1 minute"},"schema":{"@context":"https:\/\/schema.org","@graph":[{"@type":"WebPage","@id":"https:\/\/singularity-talent.com\/fr\/neurodiversity-decline\/","url":"https:\/\/singularity-talent.com\/fr\/neurodiversity-decline\/","name":"Neurodiversity Decline - SINGULARITY TALENT","isPartOf":{"@id":"https:\/\/singularity-talent.com\/fr\/#website"},"primaryImageOfPage":{"@id":"https:\/\/singularity-talent.com\/fr\/neurodiversity-decline\/#primaryimage"},"image":{"@id":"https:\/\/singularity-talent.com\/fr\/neurodiversity-decline\/#primaryimage"},"thumbnailUrl":"https:\/\/singularity.paris\/wp-content\/uploads\/2024\/09\/nlf-confirmation-email-banner.png","datePublished":"2024-09-06T13:27:47+00:00","dateModified":"2024-09-09T09:54:25+00:00","description":"Merci pour votre r\u00e9ponse, nous en prenons bonne note. \u00c0 bient\u00f4t !","breadcrumb":{"@id":"https:\/\/singularity-talent.com\/fr\/neurodiversity-decline\/#breadcrumb"},"inLanguage":"fr-FR","potentialAction":[{"@type":"ReadAction","target":["https:\/\/singularity-talent.com\/fr\/neurodiversity-decline\/"]}]},{"@type":"ImageObject","inLanguage":"fr-FR","@id":"https:\/\/singularity-talent.com\/fr\/neurodiversity-decline\/#primaryimage","url":"https:\/\/singularity.paris\/wp-content\/uploads\/2024\/09\/nlf-confirmation-email-banner.png","contentUrl":"https:\/\/singularity.paris\/wp-content\/uploads\/2024\/09\/nlf-confirmation-email-banner.png"},{"@type":"BreadcrumbList","@id":"https:\/\/singularity-talent.com\/fr\/neurodiversity-decline\/#breadcrumb","itemListElement":[{"@type":"ListItem","position":1,"name":"Accueil","item":"https:\/\/singularity-talent.com\/fr\/"},{"@type":"ListItem","position":2,"name":"Neurodiversity Decline"}]},{"@type":"WebSite","@id":"https:\/\/singularity-talent.com\/fr\/#website","url":"https:\/\/singularity-talent.com\/fr\/","name":"SINGULARITY TALENT","description":"","publisher":{"@id":"https:\/\/singularity-talent.com\/fr\/#organization"},"potentialAction":[{"@type":"SearchAction","target":{"@type":"EntryPoint","urlTemplate":"https:\/\/singularity-talent.com\/fr\/?s={search_term_string}"},"query-input":{"@type":"PropertyValueSpecification","valueRequired":true,"valueName":"search_term_string"}}],"inLanguage":"fr-FR"},{"@type":"Organization","@id":"https:\/\/singularity-talent.com\/fr\/#organization","name":"SINGULARITY TALENT","url":"https:\/\/singularity-talent.com\/fr\/","logo":{"@type":"ImageObject","inLanguage":"fr-FR","@id":"https:\/\/singularity-talent.com\/fr\/#\/schema\/logo\/image\/","url":"https:\/\/singularity-talent.com\/wp-content\/uploads\/2020\/12\/logobig.png","contentUrl":"https:\/\/singularity-talent.com\/wp-content\/uploads\/2020\/12\/logobig.png","width":502,"height":96,"caption":"SINGULARITY TALENT"},"image":{"@id":"https:\/\/singularity-talent.com\/fr\/#\/schema\/logo\/image\/"}}]}},"_links":{"self":[{"href":"https:\/\/singularity-talent.com\/fr\/wp-json\/wp\/v2\/pages\/4282","targetHints":{"allow":["GET"]}}],"collection":[{"href":"https:\/\/singularity-talent.com\/fr\/wp-json\/wp\/v2\/pages"}],"about":[{"href":"https:\/\/singularity-talent.com\/fr\/wp-json\/wp\/v2\/types\/page"}],"author":[{"embeddable":true,"href":"https:\/\/singularity-talent.com\/fr\/wp-json\/wp\/v2\/users\/3"}],"replies":[{"embeddable":true,"href":"https:\/\/singularity-talent.com\/fr\/wp-json\/wp\/v2\/comments?post=4282"}],"version-history":[{"count":0,"href":"https:\/\/singularity-talent.com\/fr\/wp-json\/wp\/v2\/pages\/4282\/revisions"}],"wp:attachment":[{"href":"https:\/\/singularity-talent.com\/fr\/wp-json\/wp\/v2\/media?parent=4282"}],"curies":[{"name":"wp","href":"https:\/\/api.w.org\/{rel}","templated":true}]}}