{"id":3686,"date":"2021-11-17T08:14:18","date_gmt":"2021-11-17T08:14:18","guid":{"rendered":"https:\/\/singularity.paris\/conditions-et-confidentialite\/"},"modified":"2023-05-10T12:15:53","modified_gmt":"2023-05-10T12:15:53","slug":"conditions-et-confidentialite","status":"publish","type":"page","link":"https:\/\/singularity-talent.com\/fr\/conditions-et-confidentialite\/","title":{"rendered":"Conditions et confidentialit\u00e9"},"content":{"rendered":"<?xml encoding=\"utf-8\" ?><div data-elementor-type=\"wp-page\" data-elementor-id=\"3686\" class=\"elementor elementor-3686 elementor-3\">\n\t\t\t\t\t\t<section class=\"has_eae_slider elementor-section elementor-top-section elementor-element elementor-element-5a381e3 elementor-section-boxed elementor-section-height-default elementor-section-height-default\" data-eae-slider=\"12541\" data-id=\"5a381e3\" data-element_type=\"section\" data-e-type=\"section\" data-settings='{\"background_background\":\"classic\"}'>\n\t\t\t\t\t\t<div class=\"elementor-container elementor-column-gap-default\">\n\t\t\t\t\t<div class=\"has_eae_slider elementor-column elementor-col-100 elementor-top-column elementor-element elementor-element-1694127\" data-eae-slider=\"63140\" data-id=\"1694127\" data-element_type=\"column\" data-e-type=\"column\">\n\t\t\t<div class=\"elementor-widget-wrap elementor-element-populated\">\n\t\t\t\t\t\t<div class=\"elementor-element elementor-element-c7bf62a elementor-widget elementor-widget-spacer\" data-id=\"c7bf62a\" data-element_type=\"widget\" data-e-type=\"widget\" data-widget_type=\"spacer.default\">\n\t\t\t\t<div class=\"elementor-widget-container\">\n\t\t\t\t\t\t\t<div class=\"elementor-spacer\">\n\t\t\t<div class=\"elementor-spacer-inner\"><\/div>\n\t\t<\/div>\n\t\t\t\t\t\t<\/div>\n\t\t\t\t<\/div>\n\t\t\t\t\t<\/div>\n\t\t<\/div>\n\t\t\t\t\t<\/div>\n\t\t<\/section>\n\t\t\t\t<section class=\"has_eae_slider elementor-section elementor-top-section elementor-element elementor-element-56f2b1c elementor-section-boxed elementor-section-height-default elementor-section-height-default\" data-eae-slider=\"55698\" data-id=\"56f2b1c\" data-element_type=\"section\" data-e-type=\"section\">\n\t\t\t\t\t\t<div class=\"elementor-container elementor-column-gap-default\">\n\t\t\t\t\t<div class=\"has_eae_slider elementor-column elementor-col-100 elementor-top-column elementor-element elementor-element-1322ed44\" data-eae-slider=\"5745\" data-id=\"1322ed44\" data-element_type=\"column\" data-e-type=\"column\">\n\t\t\t<div class=\"elementor-widget-wrap elementor-element-populated\">\n\t\t\t\t\t\t<div class=\"elementor-element elementor-element-34f40be3 elementor-widget elementor-widget-text-editor\" data-id=\"34f40be3\" data-element_type=\"widget\" data-e-type=\"widget\" data-widget_type=\"text-editor.default\">\n\t\t\t\t<div class=\"elementor-widget-container\">\n\t\t\t\t\t\t\t\t\t<?xml encoding=\"utf-8\" ?><p>Si vous avez besoin de plus d&rsquo;informations ou avez des questions sur notre politique de confidentialit&eacute;, n&rsquo;h&eacute;sitez pas &agrave; nous contacter par email &agrave; <span class=\"qu\" tabindex=\"-1\" role=\"gridcell\"><span class=\"go\">info@singularity.paris<\/span><\/span>\r\n\r\n<strong>Fichiers Journaux<\/strong>\r\nComme beaucoup d&rsquo;autres sites Web, singularity.paris utilise des fichiers journaux. Ces fichiers enregistrent simplement les visiteurs du site &ndash; g&eacute;n&eacute;ralement une proc&eacute;dure standard pour les soci&eacute;t&eacute;s d&rsquo;h&eacute;bergement et une partie des analyses des services d&rsquo;h&eacute;bergement. Les informations contenues dans les fichiers journaux incluent les adresses de protocole Internet (IP), le type de navigateur, le fournisseur d&rsquo;acc&egrave;s Internet (FAI), l&rsquo;horodatage, les pages de renvoi\/de sortie et &eacute;ventuellement le nombre de clics. Ces informations sont utilis&eacute;es pour analyser les tendances, administrer le site, suivre les d&eacute;placements des utilisateurs sur le site et recueillir des informations d&eacute;mographiques. Les adresses IP et autres informations de ce type ne sont li&eacute;es &agrave; aucune information personnellement identifiable.\r\n\r\n<strong>Cookies et balises Web<\/strong>\r\nSingularity.paris utilise des cookies pour stocker des informations sur les pr&eacute;f&eacute;rences des visiteurs, pour enregistrer des informations sp&eacute;cifiques &agrave; l&rsquo;utilisateur sur les pages auxquelles le visiteur du site acc&egrave;de ou visite, et pour personnaliser ou personnaliser le contenu de notre page Web en fonction du type de navigateur des visiteurs ou d&rsquo;autres informations que le visiteur envoie via leur navigateur.\r\nSi vous souhaitez d&eacute;sactiver les cookies, vous pouvez le faire via les options de votre navigateur individuel. Des informations plus d&eacute;taill&eacute;es sur la gestion des cookies avec des navigateurs Web sp&eacute;cifiques sont disponibles sur les sites Web respectifs des navigateurs. <a href=\"http:\/\/www.privacypolicyonline.com\/what-are-cookies\">Que sont les cookies ?<\/a>\r\n\r\n<strong>Informations sur les enfants<\/strong>\r\nNous pensons qu&rsquo;il est important de fournir une protection suppl&eacute;mentaire aux enfants en ligne. Nous encourageons les parents et tuteurs &agrave; passer du temps en ligne avec leurs enfants pour observer, participer et\/ou surveiller et guider leur activit&eacute; en ligne. Singularity.paris ne collecte sciemment aucune information personnellement identifiable d&rsquo;enfants de moins de 13 ans. Si un parent ou tuteur estime que singularity.paris a dans sa base de donn&eacute;es les informations personnellement identifiables d&rsquo;un enfant de moins de 13 ans, veuillez nous contacter imm&eacute;diatement (en utilisant le contact dans le premier paragraphe) et nous ferons de notre mieux pour supprimer rapidement ces informations de nos dossiers.\r\n\r\n<strong>Politique de confidentialit&eacute; en ligne uniquement<\/strong>\r\nCette politique de confidentialit&eacute; s&rsquo;applique uniquement &agrave; nos activit&eacute;s en ligne et est valable pour les visiteurs de notre site Web et concernant les informations partag&eacute;es et\/ou collect&eacute;es sur celui-ci. Cette politique ne s&rsquo;applique pas aux informations collect&eacute;es hors ligne ou via des canaux autres que ce site Web.\r\n\r\n<strong>Consentement<\/strong>\r\nEn utilisant notre site Web, vous consentez &agrave; notre politique de confidentialit&eacute; et acceptez ses conditions.\r\n\r\n<\/p>\n\t\t\t\t\t\t\t\t<\/div>\n\t\t\t\t<\/div>\n\t\t\t\t\t<\/div>\n\t\t<\/div>\n\t\t\t\t\t<\/div>\n\t\t<\/section>\n\t\t\t\t<\/div>\n","protected":false},"excerpt":{"rendered":"<p>Si vous avez besoin de plus d&rsquo;informations ou avez des questions sur notre politique de confidentialit&eacute;, n&rsquo;h&eacute;sitez pas &agrave; nous contacter par email &agrave; info@singularity.paris Fichiers Journaux Comme beaucoup d&rsquo;autres sites Web, singularity.paris utilise des fichiers journaux. Ces fichiers enregistrent simplement les visiteurs du site &ndash; g&eacute;n&eacute;ralement une proc&eacute;dure standard pour les soci&eacute;t&eacute;s d&rsquo;h&eacute;bergement et [&hellip;]<\/p>\n","protected":false},"author":1,"featured_media":0,"parent":0,"menu_order":0,"comment_status":"closed","ping_status":"closed","template":"","meta":{"_acf_changed":false,"site-sidebar-layout":"default","site-content-layout":"default","ast-site-content-layout":"","site-content-style":"default","site-sidebar-style":"default","ast-global-header-display":"","ast-banner-title-visibility":"","ast-main-header-display":"","ast-hfb-above-header-display":"","ast-hfb-below-header-display":"","ast-hfb-mobile-header-display":"","site-post-title":"","ast-breadcrumbs-content":"","ast-featured-img":"","footer-sml-layout":"","theme-transparent-header-meta":"default","adv-header-id-meta":"","stick-header-meta":"","header-above-stick-meta":"","header-main-stick-meta":"","header-below-stick-meta":"","astra-migrate-meta-layouts":"default","ast-page-background-enabled":"default","ast-page-background-meta":{"desktop":{"background-color":"","background-image":"","background-repeat":"repeat","background-position":"center center","background-size":"auto","background-attachment":"scroll","background-type":"","background-media":"","overlay-type":"","overlay-color":"","overlay-opacity":"","overlay-gradient":""},"tablet":{"background-color":"","background-image":"","background-repeat":"repeat","background-position":"center center","background-size":"auto","background-attachment":"scroll","background-type":"","background-media":"","overlay-type":"","overlay-color":"","overlay-opacity":"","overlay-gradient":""},"mobile":{"background-color":"","background-image":"","background-repeat":"repeat","background-position":"center center","background-size":"auto","background-attachment":"scroll","background-type":"","background-media":"","overlay-type":"","overlay-color":"","overlay-opacity":"","overlay-gradient":""}},"ast-content-background-meta":{"desktop":{"background-color":"var(--ast-global-color-5)","background-image":"","background-repeat":"repeat","background-position":"center center","background-size":"auto","background-attachment":"scroll","background-type":"","background-media":"","overlay-type":"","overlay-color":"","overlay-opacity":"","overlay-gradient":""},"tablet":{"background-color":"var(--ast-global-color-5)","background-image":"","background-repeat":"repeat","background-position":"center center","background-size":"auto","background-attachment":"scroll","background-type":"","background-media":"","overlay-type":"","overlay-color":"","overlay-opacity":"","overlay-gradient":""},"mobile":{"background-color":"var(--ast-global-color-5)","background-image":"","background-repeat":"repeat","background-position":"center center","background-size":"auto","background-attachment":"scroll","background-type":"","background-media":"","overlay-type":"","overlay-color":"","overlay-opacity":"","overlay-gradient":""}},"footnotes":""},"class_list":["post-3686","page","type-page","status-publish","hentry"],"acf":[],"yoast_head":"<!-- This site is optimized with the Yoast SEO plugin v27.4 - https:\/\/yoast.com\/product\/yoast-seo-wordpress\/ -->\n<title>Conditions et confidentialit\u00e9 - SINGULARITY TALENT<\/title>\n<meta name=\"description\" content=\"Si vous avez besoin de plus d&#039;informations ou avez des questions sur notre politique de confidentialit\u00e9, n&#039;h\u00e9sitez pas \u00e0 nous contacter par email \u00e0\" \/>\n<meta name=\"robots\" content=\"index, follow, max-snippet:-1, max-image-preview:large, max-video-preview:-1\" \/>\n<link rel=\"canonical\" href=\"https:\/\/singularity-talent.com\/fr\/conditions-et-confidentialite\/\" \/>\n<meta property=\"og:locale\" content=\"fr_FR\" \/>\n<meta property=\"og:type\" content=\"article\" \/>\n<meta property=\"og:title\" content=\"Conditions et confidentialit\u00e9 - SINGULARITY TALENT\" \/>\n<meta property=\"og:description\" content=\"Si vous avez besoin de plus d&#039;informations ou avez des questions sur notre politique de confidentialit\u00e9, n&#039;h\u00e9sitez pas \u00e0 nous contacter par email \u00e0\" \/>\n<meta property=\"og:url\" content=\"https:\/\/singularity-talent.com\/fr\/conditions-et-confidentialite\/\" \/>\n<meta property=\"og:site_name\" content=\"SINGULARITY TALENT\" \/>\n<meta property=\"article:modified_time\" content=\"2023-05-10T12:15:53+00:00\" \/>\n<meta name=\"twitter:card\" content=\"summary_large_image\" \/>\n<meta name=\"twitter:label1\" content=\"Dur\u00e9e de lecture estim\u00e9e\" \/>\n\t<meta name=\"twitter:data1\" content=\"3 minutes\" \/>\n<script type=\"application\/ld+json\" class=\"yoast-schema-graph\">{\"@context\":\"https:\\\/\\\/schema.org\",\"@graph\":[{\"@type\":\"WebPage\",\"@id\":\"https:\\\/\\\/singularity-talent.com\\\/fr\\\/conditions-et-confidentialite\\\/\",\"url\":\"https:\\\/\\\/singularity-talent.com\\\/fr\\\/conditions-et-confidentialite\\\/\",\"name\":\"Conditions et confidentialit\u00e9 - SINGULARITY TALENT\",\"isPartOf\":{\"@id\":\"https:\\\/\\\/singularity-talent.com\\\/fr\\\/#website\"},\"datePublished\":\"2021-11-17T08:14:18+00:00\",\"dateModified\":\"2023-05-10T12:15:53+00:00\",\"description\":\"Si vous avez besoin de plus d'informations ou avez des questions sur notre politique de confidentialit\u00e9, n'h\u00e9sitez pas \u00e0 nous contacter par email \u00e0\",\"breadcrumb\":{\"@id\":\"https:\\\/\\\/singularity-talent.com\\\/fr\\\/conditions-et-confidentialite\\\/#breadcrumb\"},\"inLanguage\":\"fr-FR\",\"potentialAction\":[{\"@type\":\"ReadAction\",\"target\":[\"https:\\\/\\\/singularity-talent.com\\\/fr\\\/conditions-et-confidentialite\\\/\"]}]},{\"@type\":\"BreadcrumbList\",\"@id\":\"https:\\\/\\\/singularity-talent.com\\\/fr\\\/conditions-et-confidentialite\\\/#breadcrumb\",\"itemListElement\":[{\"@type\":\"ListItem\",\"position\":1,\"name\":\"Accueil\",\"item\":\"https:\\\/\\\/singularity-talent.com\\\/fr\\\/\"},{\"@type\":\"ListItem\",\"position\":2,\"name\":\"Conditions et confidentialit\u00e9\"}]},{\"@type\":\"WebSite\",\"@id\":\"https:\\\/\\\/singularity-talent.com\\\/fr\\\/#website\",\"url\":\"https:\\\/\\\/singularity-talent.com\\\/fr\\\/\",\"name\":\"SINGULARITY TALENT\",\"description\":\"\",\"publisher\":{\"@id\":\"https:\\\/\\\/singularity-talent.com\\\/fr\\\/#organization\"},\"potentialAction\":[{\"@type\":\"SearchAction\",\"target\":{\"@type\":\"EntryPoint\",\"urlTemplate\":\"https:\\\/\\\/singularity-talent.com\\\/fr\\\/?s={search_term_string}\"},\"query-input\":{\"@type\":\"PropertyValueSpecification\",\"valueRequired\":true,\"valueName\":\"search_term_string\"}}],\"inLanguage\":\"fr-FR\"},{\"@type\":\"Organization\",\"@id\":\"https:\\\/\\\/singularity-talent.com\\\/fr\\\/#organization\",\"name\":\"SINGULARITY TALENT\",\"url\":\"https:\\\/\\\/singularity-talent.com\\\/fr\\\/\",\"logo\":{\"@type\":\"ImageObject\",\"inLanguage\":\"fr-FR\",\"@id\":\"https:\\\/\\\/singularity-talent.com\\\/fr\\\/#\\\/schema\\\/logo\\\/image\\\/\",\"url\":\"https:\\\/\\\/singularity-talent.com\\\/wp-content\\\/uploads\\\/2020\\\/12\\\/logobig.png\",\"contentUrl\":\"https:\\\/\\\/singularity-talent.com\\\/wp-content\\\/uploads\\\/2020\\\/12\\\/logobig.png\",\"width\":502,\"height\":96,\"caption\":\"SINGULARITY TALENT\"},\"image\":{\"@id\":\"https:\\\/\\\/singularity-talent.com\\\/fr\\\/#\\\/schema\\\/logo\\\/image\\\/\"}}]}<\/script>\n<!-- \/ Yoast SEO plugin. -->","yoast_head_json":{"title":"Conditions et confidentialit\u00e9 - SINGULARITY TALENT","description":"Si vous avez besoin de plus d'informations ou avez des questions sur notre politique de confidentialit\u00e9, n'h\u00e9sitez pas \u00e0 nous contacter par email \u00e0","robots":{"index":"index","follow":"follow","max-snippet":"max-snippet:-1","max-image-preview":"max-image-preview:large","max-video-preview":"max-video-preview:-1"},"canonical":"https:\/\/singularity-talent.com\/fr\/conditions-et-confidentialite\/","og_locale":"fr_FR","og_type":"article","og_title":"Conditions et confidentialit\u00e9 - SINGULARITY TALENT","og_description":"Si vous avez besoin de plus d'informations ou avez des questions sur notre politique de confidentialit\u00e9, n'h\u00e9sitez pas \u00e0 nous contacter par email \u00e0","og_url":"https:\/\/singularity-talent.com\/fr\/conditions-et-confidentialite\/","og_site_name":"SINGULARITY TALENT","article_modified_time":"2023-05-10T12:15:53+00:00","twitter_card":"summary_large_image","twitter_misc":{"Dur\u00e9e de lecture estim\u00e9e":"3 minutes"},"schema":{"@context":"https:\/\/schema.org","@graph":[{"@type":"WebPage","@id":"https:\/\/singularity-talent.com\/fr\/conditions-et-confidentialite\/","url":"https:\/\/singularity-talent.com\/fr\/conditions-et-confidentialite\/","name":"Conditions et confidentialit\u00e9 - SINGULARITY TALENT","isPartOf":{"@id":"https:\/\/singularity-talent.com\/fr\/#website"},"datePublished":"2021-11-17T08:14:18+00:00","dateModified":"2023-05-10T12:15:53+00:00","description":"Si vous avez besoin de plus d'informations ou avez des questions sur notre politique de confidentialit\u00e9, n'h\u00e9sitez pas \u00e0 nous contacter par email \u00e0","breadcrumb":{"@id":"https:\/\/singularity-talent.com\/fr\/conditions-et-confidentialite\/#breadcrumb"},"inLanguage":"fr-FR","potentialAction":[{"@type":"ReadAction","target":["https:\/\/singularity-talent.com\/fr\/conditions-et-confidentialite\/"]}]},{"@type":"BreadcrumbList","@id":"https:\/\/singularity-talent.com\/fr\/conditions-et-confidentialite\/#breadcrumb","itemListElement":[{"@type":"ListItem","position":1,"name":"Accueil","item":"https:\/\/singularity-talent.com\/fr\/"},{"@type":"ListItem","position":2,"name":"Conditions et confidentialit\u00e9"}]},{"@type":"WebSite","@id":"https:\/\/singularity-talent.com\/fr\/#website","url":"https:\/\/singularity-talent.com\/fr\/","name":"SINGULARITY TALENT","description":"","publisher":{"@id":"https:\/\/singularity-talent.com\/fr\/#organization"},"potentialAction":[{"@type":"SearchAction","target":{"@type":"EntryPoint","urlTemplate":"https:\/\/singularity-talent.com\/fr\/?s={search_term_string}"},"query-input":{"@type":"PropertyValueSpecification","valueRequired":true,"valueName":"search_term_string"}}],"inLanguage":"fr-FR"},{"@type":"Organization","@id":"https:\/\/singularity-talent.com\/fr\/#organization","name":"SINGULARITY TALENT","url":"https:\/\/singularity-talent.com\/fr\/","logo":{"@type":"ImageObject","inLanguage":"fr-FR","@id":"https:\/\/singularity-talent.com\/fr\/#\/schema\/logo\/image\/","url":"https:\/\/singularity-talent.com\/wp-content\/uploads\/2020\/12\/logobig.png","contentUrl":"https:\/\/singularity-talent.com\/wp-content\/uploads\/2020\/12\/logobig.png","width":502,"height":96,"caption":"SINGULARITY TALENT"},"image":{"@id":"https:\/\/singularity-talent.com\/fr\/#\/schema\/logo\/image\/"}}]}},"_links":{"self":[{"href":"https:\/\/singularity-talent.com\/fr\/wp-json\/wp\/v2\/pages\/3686","targetHints":{"allow":["GET"]}}],"collection":[{"href":"https:\/\/singularity-talent.com\/fr\/wp-json\/wp\/v2\/pages"}],"about":[{"href":"https:\/\/singularity-talent.com\/fr\/wp-json\/wp\/v2\/types\/page"}],"author":[{"embeddable":true,"href":"https:\/\/singularity-talent.com\/fr\/wp-json\/wp\/v2\/users\/1"}],"replies":[{"embeddable":true,"href":"https:\/\/singularity-talent.com\/fr\/wp-json\/wp\/v2\/comments?post=3686"}],"version-history":[{"count":0,"href":"https:\/\/singularity-talent.com\/fr\/wp-json\/wp\/v2\/pages\/3686\/revisions"}],"wp:attachment":[{"href":"https:\/\/singularity-talent.com\/fr\/wp-json\/wp\/v2\/media?parent=3686"}],"curies":[{"name":"wp","href":"https:\/\/api.w.org\/{rel}","templated":true}]}}