{"id":3468,"date":"2021-11-06T13:40:51","date_gmt":"2021-11-06T13:40:51","guid":{"rendered":"https:\/\/dewstudios.in\/singularity\/contact\/"},"modified":"2025-09-02T14:44:09","modified_gmt":"2025-09-02T14:44:09","slug":"contact","status":"publish","type":"page","link":"https:\/\/singularity-talent.com\/fr\/contact\/","title":{"rendered":"Contact"},"content":{"rendered":"<?xml encoding=\"utf-8\" ?><div data-elementor-type=\"wp-page\" data-elementor-id=\"3468\" class=\"elementor elementor-3468 elementor-1616\">\n\t\t\t\t\t\t<section class=\"has_eae_slider elementor-section elementor-top-section elementor-element elementor-element-5c354f9 elementor-section-boxed elementor-section-height-default elementor-section-height-default\" data-eae-slider=\"55225\" data-id=\"5c354f9\" data-element_type=\"section\" data-e-type=\"section\" data-settings='{\"background_background\":\"classic\"}'>\n\t\t\t\t\t\t<div class=\"elementor-container elementor-column-gap-default\">\n\t\t\t\t\t<div class=\"has_eae_slider elementor-column elementor-col-100 elementor-top-column elementor-element elementor-element-70c43c8\" data-eae-slider=\"40393\" data-id=\"70c43c8\" data-element_type=\"column\" data-e-type=\"column\">\n\t\t\t<div class=\"elementor-widget-wrap\">\n\t\t\t\t\t\t\t<\/div>\n\t\t<\/div>\n\t\t\t\t\t<\/div>\n\t\t<\/section>\n\t\t\t\t<section class=\"has_eae_slider elementor-section elementor-top-section elementor-element elementor-element-57a1286 elementor-section-boxed elementor-section-height-default elementor-section-height-default\" data-eae-slider=\"29975\" data-id=\"57a1286\" data-element_type=\"section\" data-e-type=\"section\" data-settings='{\"background_background\":\"classic\"}'>\n\t\t\t\t\t\t<div class=\"elementor-container elementor-column-gap-default\">\n\t\t\t\t\t<div class=\"has_eae_slider elementor-column elementor-col-100 elementor-top-column elementor-element elementor-element-c0275b1\" data-eae-slider=\"79693\" data-id=\"c0275b1\" data-element_type=\"column\" data-e-type=\"column\">\n\t\t\t<div class=\"elementor-widget-wrap elementor-element-populated\">\n\t\t\t\t\t\t<div class=\"elementor-element elementor-element-df4e060 elementor-widget elementor-widget-heading\" data-id=\"df4e060\" data-element_type=\"widget\" data-e-type=\"widget\" data-widget_type=\"heading.default\">\n\t\t\t\t<div class=\"elementor-widget-container\">\n\t\t\t\t\t<h2 class=\"elementor-heading-title elementor-size-xl\">N'h&eacute;sitez pas &agrave; nous &eacute;crire pour toute demande d'information<\/h2>\t\t\t\t<\/div>\n\t\t\t\t<\/div>\n\t\t\t\t<section class=\"has_eae_slider elementor-section elementor-inner-section elementor-element elementor-element-3475926 elementor-section-boxed elementor-section-height-default elementor-section-height-default\" data-eae-slider=\"94233\" data-id=\"3475926\" data-element_type=\"section\" data-e-type=\"section\">\n\t\t\t\t\t\t<div class=\"elementor-container elementor-column-gap-default\">\n\t\t\t\t\t<div class=\"has_eae_slider elementor-column elementor-col-16 elementor-inner-column elementor-element elementor-element-930db4f\" data-eae-slider=\"29571\" data-id=\"930db4f\" data-element_type=\"column\" data-e-type=\"column\">\n\t\t\t<div class=\"elementor-widget-wrap\">\n\t\t\t\t\t\t\t<\/div>\n\t\t<\/div>\n\t\t\t\t<div class=\"has_eae_slider elementor-column elementor-col-66 elementor-inner-column elementor-element elementor-element-f0d6197\" data-eae-slider=\"1348\" data-id=\"f0d6197\" data-element_type=\"column\" data-e-type=\"column\">\n\t\t\t<div class=\"elementor-widget-wrap elementor-element-populated\">\n\t\t\t\t\t\t<div class=\"elementor-element elementor-element-98f3518 elementor-widget elementor-widget-wpforms\" data-id=\"98f3518\" data-element_type=\"widget\" data-e-type=\"widget\" data-widget_type=\"wpforms.default\">\n\t\t\t\t<div class=\"elementor-widget-container\">\n\t\t\t\t\t<div class=\"wpforms-container \" id=\"wpforms-6090\"><form id=\"wpforms-form-6090\" class=\"wpforms-validate wpforms-form wpforms-ajax-form\" data-formid=\"6090\" method=\"post\" enctype=\"multipart\/form-data\" action=\"\/fr\/wp-json\/wp\/v2\/pages\/3468\" data-token=\"d5a4532c2ea97535ba01826b75626f6d\" data-token-time=\"1776317353\"><noscript class=\"wpforms-error-noscript\">Veuillez activer JavaScript dans votre navigateur pour remplir ce formulaire.<\/noscript><div class=\"wpforms-field-container\"><div id=\"wpforms-6090-field_0-container\" class=\"wpforms-field wpforms-field-name\" data-field-id=\"0\"><label class=\"wpforms-field-label\">Pr&eacute;nom\/Nom <span class=\"wpforms-required-label\">*<\/span><\/label><div class=\"wpforms-field-row wpforms-field-medium\"><div class=\"wpforms-field-row-block wpforms-first wpforms-one-half\"><input type=\"text\" id=\"wpforms-6090-field_0\" class=\"wpforms-field-name-first wpforms-field-required\" name=\"wpforms[fields][0][first]\" required><label for=\"wpforms-6090-field_0\" class=\"wpforms-field-sublabel after\">Pr&eacute;nom<\/label><\/div><div class=\"wpforms-field-row-block wpforms-one-half\"><input type=\"text\" id=\"wpforms-6090-field_0-last\" class=\"wpforms-field-name-last wpforms-field-required\" name=\"wpforms[fields][0][last]\" required><label for=\"wpforms-6090-field_0-last\" class=\"wpforms-field-sublabel after\">Nom<\/label><\/div><\/div><\/div><div id=\"wpforms-6090-field_1-container\" class=\"wpforms-field wpforms-field-email\" data-field-id=\"1\"><label class=\"wpforms-field-label\" for=\"wpforms-6090-field_1\">Email <span class=\"wpforms-required-label\">*<\/span><\/label><input type=\"email\" id=\"wpforms-6090-field_1\" class=\"wpforms-field-medium wpforms-field-required\" name=\"wpforms[fields][1]\" spellcheck=\"false\" required><\/div><div id=\"wpforms-6090-field_3-container\" class=\"wpforms-field wpforms-field-text\" data-field-id=\"3\"><label class=\"wpforms-field-label\" for=\"wpforms-6090-field_3\">Nom de l'entreprise<\/label><input type=\"text\" id=\"wpforms-6090-field_3\" class=\"wpforms-field-medium\" name=\"wpforms[fields][3]\"><\/div><div id=\"wpforms-6090-field_5-container\" class=\"wpforms-field wpforms-field-payment-checkbox wpforms-conditional-trigger\" data-field-id=\"5\"><label class=\"wpforms-field-label\">Je vous contacte pour : <\/label><ul id=\"wpforms-6090-field_5\"><li class=\"choice-1\"><input type=\"checkbox\" id=\"wpforms-6090-field_5_1\" class=\"wpforms-payment-price\" data-amount=\"0.00\" name=\"wpforms[fields][5][]\" value=\"1\"><label class=\"wpforms-field-label-inline\" for=\"wpforms-6090-field_5_1\">Les formations<\/label><\/li><li class=\"choice-4\"><input type=\"checkbox\" id=\"wpforms-6090-field_5_4\" class=\"wpforms-payment-price\" data-amount=\"0.00\" name=\"wpforms[fields][5][]\" value=\"4\"><label class=\"wpforms-field-label-inline\" for=\"wpforms-6090-field_5_4\">Neurodiversity Alliance<\/label><\/li><li class=\"choice-5\"><input type=\"checkbox\" id=\"wpforms-6090-field_5_5\" class=\"wpforms-payment-price\" data-amount=\"0.00\" name=\"wpforms[fields][5][]\" value=\"5\"><label class=\"wpforms-field-label-inline\" for=\"wpforms-6090-field_5_5\">Neurodiversity Leaders Forum<\/label><\/li><li class=\"choice-6\"><input type=\"checkbox\" id=\"wpforms-6090-field_5_6\" class=\"wpforms-payment-price\" data-amount=\"0.00\" name=\"wpforms[fields][5][]\" value=\"6\"><label class=\"wpforms-field-label-inline\" for=\"wpforms-6090-field_5_6\">Autres<\/label><\/li><\/ul><\/div><div id=\"wpforms-6090-field_6-container\" class=\"wpforms-field wpforms-field-checkbox wpforms-conditional-field wpforms-conditional-show\" data-field-id=\"6\" style=\"display:none;\"><label class=\"wpforms-field-label\">Quelle(s) formation(s) vous int&eacute;resse(nt) ?<\/label><ul id=\"wpforms-6090-field_6\"><li class=\"choice-1 depth-1\"><input type=\"checkbox\" id=\"wpforms-6090-field_6_1\" name=\"wpforms[fields][6][]\" value=\"MASTERCLASS NEURODIVERSIT&Eacute;\"><label class=\"wpforms-field-label-inline\" for=\"wpforms-6090-field_6_1\">MASTERCLASS NEURODIVERSIT&Eacute;<\/label><\/li><li class=\"choice-2 depth-1\"><input type=\"checkbox\" id=\"wpforms-6090-field_6_2\" name=\"wpforms[fields][6][]\" value=\"LES FONDAMENTAUX DE LA NEURODIVERSIT&Eacute;\"><label class=\"wpforms-field-label-inline\" for=\"wpforms-6090-field_6_2\">LES FONDAMENTAUX DE LA NEURODIVERSIT&Eacute;<\/label><\/li><li class=\"choice-3 depth-1\"><input type=\"checkbox\" id=\"wpforms-6090-field_6_3\" name=\"wpforms[fields][6][]\" value=\"DEVENIR EXPERT\/R&Eacute;F&Eacute;RENT NEURODIVERSIT&Eacute;\"><label class=\"wpforms-field-label-inline\" for=\"wpforms-6090-field_6_3\">DEVENIR EXPERT\/R&Eacute;F&Eacute;RENT NEURODIVERSIT&Eacute;<\/label><\/li><li class=\"choice-5 depth-1\"><input type=\"checkbox\" id=\"wpforms-6090-field_6_5\" name=\"wpforms[fields][6][]\" value=\"METTRE EN PLACE UNE STRAT&Eacute;GIE NEURODIVERSIT&Eacute;\"><label class=\"wpforms-field-label-inline\" for=\"wpforms-6090-field_6_5\">METTRE EN PLACE UNE STRAT&Eacute;GIE NEURODIVERSIT&Eacute;<\/label><\/li><li class=\"choice-6 depth-1\"><input type=\"checkbox\" id=\"wpforms-6090-field_6_6\" name=\"wpforms[fields][6][]\" value=\"D&Eacute;VELOPPER UN PROCESSUS DE RECRUTEMENT NEUROINCLUSIF\"><label class=\"wpforms-field-label-inline\" for=\"wpforms-6090-field_6_6\">D&Eacute;VELOPPER UN PROCESSUS DE RECRUTEMENT NEUROINCLUSIF<\/label><\/li><li class=\"choice-7 depth-1\"><input type=\"checkbox\" id=\"wpforms-6090-field_6_7\" name=\"wpforms[fields][6][]\" value=\"DEVENIR UN MANAGER NEUROINCLUSIF\"><label class=\"wpforms-field-label-inline\" for=\"wpforms-6090-field_6_7\">DEVENIR UN MANAGER NEUROINCLUSIF<\/label><\/li><li class=\"choice-8 depth-1\"><input type=\"checkbox\" id=\"wpforms-6090-field_6_8\" name=\"wpforms[fields][6][]\" value=\"J'aimerais des informations\"><label class=\"wpforms-field-label-inline\" for=\"wpforms-6090-field_6_8\">J'aimerais des informations<\/label><\/li><\/ul><\/div><div id=\"wpforms-6090-field_2-container\" class=\"wpforms-field wpforms-field-textarea\" data-field-id=\"2\"><label class=\"wpforms-field-label\" for=\"wpforms-6090-field_2\">Message \/ Requ&ecirc;te<\/label><textarea id=\"wpforms-6090-field_2\" class=\"wpforms-field-medium\" name=\"wpforms[fields][2]\"><\/textarea><\/div><\/div><!-- .wpforms-field-container --><div class=\"wpforms-recaptcha-container wpforms-is-recaptcha wpforms-is-recaptcha-type-v2\"><div class=\"g-recaptcha\" data-sitekey=\"6LdqYwsqAAAAAHjfFTNefwlEOEgvXjXp34h7w3Yf\"><\/div><input type=\"text\" name=\"g-recaptcha-hidden\" class=\"wpforms-recaptcha-hidden\" style=\"position:absolute!important;clip:rect(0,0,0,0)!important;height:1px!important;width:1px!important;border:0!important;overflow:hidden!important;padding:0!important;margin:0!important;\" data-rule-recaptcha=\"1\"><\/div><div class=\"wpforms-submit-container\"><input type=\"hidden\" name=\"wpforms[id]\" value=\"6090\"><input type=\"hidden\" name=\"page_title\" value=\"\"><input type=\"hidden\" name=\"page_url\" value=\"https:\/\/singularity-talent.com\/fr\/wp-json\/wp\/v2\/pages\/3468\"><input type=\"hidden\" name=\"url_referer\" value=\"\"><button type=\"submit\" name=\"wpforms[submit]\" id=\"wpforms-submit-6090\" class=\"wpforms-submit\" data-alt-text=\"Envoi en cours...\" data-submit-text=\"Soumettre\" aria-live=\"assertive\" value=\"wpforms-submit\">Soumettre<\/button><img decoding=\"async\" src=\"https:\/\/singularity-talent.com\/wp-content\/plugins\/wpforms\/assets\/images\/submit-spin.svg\" class=\"wpforms-submit-spinner\" style=\"display: none;\" width=\"26\" height=\"26\" alt=\"Chargement en cours\"><\/div><\/form><\/div>  <!-- .wpforms-container -->\t\t\t\t<\/div>\n\t\t\t\t<\/div>\n\t\t\t\t\t<\/div>\n\t\t<\/div>\n\t\t\t\t<div class=\"has_eae_slider elementor-column elementor-col-16 elementor-inner-column elementor-element elementor-element-d92d1f6\" data-eae-slider=\"14016\" data-id=\"d92d1f6\" data-element_type=\"column\" data-e-type=\"column\">\n\t\t\t<div class=\"elementor-widget-wrap\">\n\t\t\t\t\t\t\t<\/div>\n\t\t<\/div>\n\t\t\t\t\t<\/div>\n\t\t<\/section>\n\t\t\t\t\t<\/div>\n\t\t<\/div>\n\t\t\t\t\t<\/div>\n\t\t<\/section>\n\t\t\t\t<\/div>\n","protected":false},"excerpt":{"rendered":"<p>N&rsquo;h&eacute;sitez pas &agrave; nous &eacute;crire pour toute demande d&rsquo;informationPlease enable JavaScript in your browser to complete this form.Pr&eacute;nom\/Nom *FirstLastEmail *Nom de l&#8217;entrepriseJe vous contacte pour : Les formations (pr&eacute;cisez lesquelles) Neurodiversity Alliance Neurodiversity Leaders Forum Quelle(s) formation(s) vous int&eacute;resse(nt) ? MASTERCLASS NEURODIVERSIT&Eacute; LES FONDAMENTAUX DE LA NEURODIVERSIT&Eacute; DEVENIR EXPERT\/R&Eacute;F&Eacute;RENT NEURODIVERSIT&Eacute; METTRE EN PLACE UNE STRAT&Eacute;GIE [&hellip;]<\/p>\n","protected":false},"author":1,"featured_media":0,"parent":0,"menu_order":0,"comment_status":"closed","ping_status":"closed","template":"","meta":{"_acf_changed":false,"site-sidebar-layout":"no-sidebar","site-content-layout":"page-builder","ast-site-content-layout":"full-width-container","site-content-style":"unboxed","site-sidebar-style":"unboxed","ast-global-header-display":"","ast-banner-title-visibility":"","ast-main-header-display":"","ast-hfb-above-header-display":"","ast-hfb-below-header-display":"","ast-hfb-mobile-header-display":"","site-post-title":"disabled","ast-breadcrumbs-content":"","ast-featured-img":"","footer-sml-layout":"","theme-transparent-header-meta":"enabled","adv-header-id-meta":"","stick-header-meta":"","header-above-stick-meta":"","header-main-stick-meta":"","header-below-stick-meta":"","astra-migrate-meta-layouts":"set","ast-page-background-enabled":"default","ast-page-background-meta":{"desktop":{"background-color":"","background-image":"","background-repeat":"repeat","background-position":"center center","background-size":"auto","background-attachment":"scroll","background-type":"","background-media":"","overlay-type":"","overlay-color":"","overlay-opacity":"","overlay-gradient":""},"tablet":{"background-color":"","background-image":"","background-repeat":"repeat","background-position":"center center","background-size":"auto","background-attachment":"scroll","background-type":"","background-media":"","overlay-type":"","overlay-color":"","overlay-opacity":"","overlay-gradient":""},"mobile":{"background-color":"","background-image":"","background-repeat":"repeat","background-position":"center center","background-size":"auto","background-attachment":"scroll","background-type":"","background-media":"","overlay-type":"","overlay-color":"","overlay-opacity":"","overlay-gradient":""}},"ast-content-background-meta":{"desktop":{"background-color":"var(--ast-global-color-5)","background-image":"","background-repeat":"repeat","background-position":"center center","background-size":"auto","background-attachment":"scroll","background-type":"","background-media":"","overlay-type":"","overlay-color":"","overlay-opacity":"","overlay-gradient":""},"tablet":{"background-color":"var(--ast-global-color-5)","background-image":"","background-repeat":"repeat","background-position":"center center","background-size":"auto","background-attachment":"scroll","background-type":"","background-media":"","overlay-type":"","overlay-color":"","overlay-opacity":"","overlay-gradient":""},"mobile":{"background-color":"var(--ast-global-color-5)","background-image":"","background-repeat":"repeat","background-position":"center center","background-size":"auto","background-attachment":"scroll","background-type":"","background-media":"","overlay-type":"","overlay-color":"","overlay-opacity":"","overlay-gradient":""}},"footnotes":""},"class_list":["post-3468","page","type-page","status-publish","hentry"],"acf":[],"yoast_head":"<!-- This site is optimized with the Yoast SEO plugin v27.4 - https:\/\/yoast.com\/product\/yoast-seo-wordpress\/ -->\n<title>Contact - SINGULARITY TALENT<\/title>\n<meta name=\"description\" content=\"N&#039;h\u00e9sitez pas \u00e0 nous \u00e9crire pour toute demande d&#039;information Please enable JavaScript in your browser to complete this form.Pr\u00e9nom\/Nom *FirstLastEmail\" \/>\n<meta name=\"robots\" content=\"index, follow, max-snippet:-1, max-image-preview:large, max-video-preview:-1\" \/>\n<link rel=\"canonical\" href=\"https:\/\/singularity-talent.com\/fr\/contact\/\" \/>\n<meta property=\"og:locale\" content=\"fr_FR\" \/>\n<meta property=\"og:type\" content=\"article\" \/>\n<meta property=\"og:title\" content=\"Contact - SINGULARITY TALENT\" \/>\n<meta property=\"og:description\" content=\"N&#039;h\u00e9sitez pas \u00e0 nous \u00e9crire pour toute demande d&#039;information Please enable JavaScript in your browser to complete this form.Pr\u00e9nom\/Nom *FirstLastEmail\" \/>\n<meta property=\"og:url\" content=\"https:\/\/singularity-talent.com\/fr\/contact\/\" \/>\n<meta property=\"og:site_name\" content=\"SINGULARITY TALENT\" \/>\n<meta property=\"article:modified_time\" content=\"2025-09-02T14:44:09+00:00\" \/>\n<meta property=\"og:image\" content=\"https:\/\/singularity-talent.com\/wp-content\/plugins\/wpforms\/assets\/images\/submit-spin.svg\" \/>\n<meta name=\"twitter:card\" content=\"summary_large_image\" \/>\n<meta name=\"twitter:label1\" content=\"Dur\u00e9e de lecture estim\u00e9e\" \/>\n\t<meta name=\"twitter:data1\" content=\"1 minute\" \/>\n<script type=\"application\/ld+json\" class=\"yoast-schema-graph\">{\"@context\":\"https:\\\/\\\/schema.org\",\"@graph\":[{\"@type\":\"WebPage\",\"@id\":\"https:\\\/\\\/singularity-talent.com\\\/fr\\\/contact\\\/\",\"url\":\"https:\\\/\\\/singularity-talent.com\\\/fr\\\/contact\\\/\",\"name\":\"Contact - SINGULARITY TALENT\",\"isPartOf\":{\"@id\":\"https:\\\/\\\/singularity-talent.com\\\/fr\\\/#website\"},\"primaryImageOfPage\":{\"@id\":\"https:\\\/\\\/singularity-talent.com\\\/fr\\\/contact\\\/#primaryimage\"},\"image\":{\"@id\":\"https:\\\/\\\/singularity-talent.com\\\/fr\\\/contact\\\/#primaryimage\"},\"thumbnailUrl\":\"https:\\\/\\\/singularity-talent.com\\\/wp-content\\\/plugins\\\/wpforms\\\/assets\\\/images\\\/submit-spin.svg\",\"datePublished\":\"2021-11-06T13:40:51+00:00\",\"dateModified\":\"2025-09-02T14:44:09+00:00\",\"description\":\"N'h\u00e9sitez pas \u00e0 nous \u00e9crire pour toute demande d'information Please enable JavaScript in your browser to complete this form.Pr\u00e9nom\\\/Nom *FirstLastEmail\",\"breadcrumb\":{\"@id\":\"https:\\\/\\\/singularity-talent.com\\\/fr\\\/contact\\\/#breadcrumb\"},\"inLanguage\":\"fr-FR\",\"potentialAction\":[{\"@type\":\"ReadAction\",\"target\":[\"https:\\\/\\\/singularity-talent.com\\\/fr\\\/contact\\\/\"]}]},{\"@type\":\"ImageObject\",\"inLanguage\":\"fr-FR\",\"@id\":\"https:\\\/\\\/singularity-talent.com\\\/fr\\\/contact\\\/#primaryimage\",\"url\":\"https:\\\/\\\/singularity-talent.com\\\/wp-content\\\/plugins\\\/wpforms\\\/assets\\\/images\\\/submit-spin.svg\",\"contentUrl\":\"https:\\\/\\\/singularity-talent.com\\\/wp-content\\\/plugins\\\/wpforms\\\/assets\\\/images\\\/submit-spin.svg\"},{\"@type\":\"BreadcrumbList\",\"@id\":\"https:\\\/\\\/singularity-talent.com\\\/fr\\\/contact\\\/#breadcrumb\",\"itemListElement\":[{\"@type\":\"ListItem\",\"position\":1,\"name\":\"Accueil\",\"item\":\"https:\\\/\\\/singularity-talent.com\\\/fr\\\/\"},{\"@type\":\"ListItem\",\"position\":2,\"name\":\"Contact\"}]},{\"@type\":\"WebSite\",\"@id\":\"https:\\\/\\\/singularity-talent.com\\\/fr\\\/#website\",\"url\":\"https:\\\/\\\/singularity-talent.com\\\/fr\\\/\",\"name\":\"SINGULARITY TALENT\",\"description\":\"\",\"publisher\":{\"@id\":\"https:\\\/\\\/singularity-talent.com\\\/fr\\\/#organization\"},\"potentialAction\":[{\"@type\":\"SearchAction\",\"target\":{\"@type\":\"EntryPoint\",\"urlTemplate\":\"https:\\\/\\\/singularity-talent.com\\\/fr\\\/?s={search_term_string}\"},\"query-input\":{\"@type\":\"PropertyValueSpecification\",\"valueRequired\":true,\"valueName\":\"search_term_string\"}}],\"inLanguage\":\"fr-FR\"},{\"@type\":\"Organization\",\"@id\":\"https:\\\/\\\/singularity-talent.com\\\/fr\\\/#organization\",\"name\":\"SINGULARITY TALENT\",\"url\":\"https:\\\/\\\/singularity-talent.com\\\/fr\\\/\",\"logo\":{\"@type\":\"ImageObject\",\"inLanguage\":\"fr-FR\",\"@id\":\"https:\\\/\\\/singularity-talent.com\\\/fr\\\/#\\\/schema\\\/logo\\\/image\\\/\",\"url\":\"https:\\\/\\\/singularity-talent.com\\\/wp-content\\\/uploads\\\/2020\\\/12\\\/logobig.png\",\"contentUrl\":\"https:\\\/\\\/singularity-talent.com\\\/wp-content\\\/uploads\\\/2020\\\/12\\\/logobig.png\",\"width\":502,\"height\":96,\"caption\":\"SINGULARITY TALENT\"},\"image\":{\"@id\":\"https:\\\/\\\/singularity-talent.com\\\/fr\\\/#\\\/schema\\\/logo\\\/image\\\/\"}}]}<\/script>\n<!-- \/ Yoast SEO plugin. -->","yoast_head_json":{"title":"Contact - SINGULARITY TALENT","description":"N'h\u00e9sitez pas \u00e0 nous \u00e9crire pour toute demande d'information Please enable JavaScript in your browser to complete this form.Pr\u00e9nom\/Nom *FirstLastEmail","robots":{"index":"index","follow":"follow","max-snippet":"max-snippet:-1","max-image-preview":"max-image-preview:large","max-video-preview":"max-video-preview:-1"},"canonical":"https:\/\/singularity-talent.com\/fr\/contact\/","og_locale":"fr_FR","og_type":"article","og_title":"Contact - SINGULARITY TALENT","og_description":"N'h\u00e9sitez pas \u00e0 nous \u00e9crire pour toute demande d'information Please enable JavaScript in your browser to complete this form.Pr\u00e9nom\/Nom *FirstLastEmail","og_url":"https:\/\/singularity-talent.com\/fr\/contact\/","og_site_name":"SINGULARITY TALENT","article_modified_time":"2025-09-02T14:44:09+00:00","og_image":[{"url":"https:\/\/singularity-talent.com\/wp-content\/plugins\/wpforms\/assets\/images\/submit-spin.svg","type":"","width":"","height":""}],"twitter_card":"summary_large_image","twitter_misc":{"Dur\u00e9e de lecture estim\u00e9e":"1 minute"},"schema":{"@context":"https:\/\/schema.org","@graph":[{"@type":"WebPage","@id":"https:\/\/singularity-talent.com\/fr\/contact\/","url":"https:\/\/singularity-talent.com\/fr\/contact\/","name":"Contact - SINGULARITY TALENT","isPartOf":{"@id":"https:\/\/singularity-talent.com\/fr\/#website"},"primaryImageOfPage":{"@id":"https:\/\/singularity-talent.com\/fr\/contact\/#primaryimage"},"image":{"@id":"https:\/\/singularity-talent.com\/fr\/contact\/#primaryimage"},"thumbnailUrl":"https:\/\/singularity-talent.com\/wp-content\/plugins\/wpforms\/assets\/images\/submit-spin.svg","datePublished":"2021-11-06T13:40:51+00:00","dateModified":"2025-09-02T14:44:09+00:00","description":"N'h\u00e9sitez pas \u00e0 nous \u00e9crire pour toute demande d'information Please enable JavaScript in your browser to complete this form.Pr\u00e9nom\/Nom *FirstLastEmail","breadcrumb":{"@id":"https:\/\/singularity-talent.com\/fr\/contact\/#breadcrumb"},"inLanguage":"fr-FR","potentialAction":[{"@type":"ReadAction","target":["https:\/\/singularity-talent.com\/fr\/contact\/"]}]},{"@type":"ImageObject","inLanguage":"fr-FR","@id":"https:\/\/singularity-talent.com\/fr\/contact\/#primaryimage","url":"https:\/\/singularity-talent.com\/wp-content\/plugins\/wpforms\/assets\/images\/submit-spin.svg","contentUrl":"https:\/\/singularity-talent.com\/wp-content\/plugins\/wpforms\/assets\/images\/submit-spin.svg"},{"@type":"BreadcrumbList","@id":"https:\/\/singularity-talent.com\/fr\/contact\/#breadcrumb","itemListElement":[{"@type":"ListItem","position":1,"name":"Accueil","item":"https:\/\/singularity-talent.com\/fr\/"},{"@type":"ListItem","position":2,"name":"Contact"}]},{"@type":"WebSite","@id":"https:\/\/singularity-talent.com\/fr\/#website","url":"https:\/\/singularity-talent.com\/fr\/","name":"SINGULARITY TALENT","description":"","publisher":{"@id":"https:\/\/singularity-talent.com\/fr\/#organization"},"potentialAction":[{"@type":"SearchAction","target":{"@type":"EntryPoint","urlTemplate":"https:\/\/singularity-talent.com\/fr\/?s={search_term_string}"},"query-input":{"@type":"PropertyValueSpecification","valueRequired":true,"valueName":"search_term_string"}}],"inLanguage":"fr-FR"},{"@type":"Organization","@id":"https:\/\/singularity-talent.com\/fr\/#organization","name":"SINGULARITY TALENT","url":"https:\/\/singularity-talent.com\/fr\/","logo":{"@type":"ImageObject","inLanguage":"fr-FR","@id":"https:\/\/singularity-talent.com\/fr\/#\/schema\/logo\/image\/","url":"https:\/\/singularity-talent.com\/wp-content\/uploads\/2020\/12\/logobig.png","contentUrl":"https:\/\/singularity-talent.com\/wp-content\/uploads\/2020\/12\/logobig.png","width":502,"height":96,"caption":"SINGULARITY TALENT"},"image":{"@id":"https:\/\/singularity-talent.com\/fr\/#\/schema\/logo\/image\/"}}]}},"_links":{"self":[{"href":"https:\/\/singularity-talent.com\/fr\/wp-json\/wp\/v2\/pages\/3468","targetHints":{"allow":["GET"]}}],"collection":[{"href":"https:\/\/singularity-talent.com\/fr\/wp-json\/wp\/v2\/pages"}],"about":[{"href":"https:\/\/singularity-talent.com\/fr\/wp-json\/wp\/v2\/types\/page"}],"author":[{"embeddable":true,"href":"https:\/\/singularity-talent.com\/fr\/wp-json\/wp\/v2\/users\/1"}],"replies":[{"embeddable":true,"href":"https:\/\/singularity-talent.com\/fr\/wp-json\/wp\/v2\/comments?post=3468"}],"version-history":[{"count":3,"href":"https:\/\/singularity-talent.com\/fr\/wp-json\/wp\/v2\/pages\/3468\/revisions"}],"predecessor-version":[{"id":6096,"href":"https:\/\/singularity-talent.com\/fr\/wp-json\/wp\/v2\/pages\/3468\/revisions\/6096"}],"wp:attachment":[{"href":"https:\/\/singularity-talent.com\/fr\/wp-json\/wp\/v2\/media?parent=3468"}],"curies":[{"name":"wp","href":"https:\/\/api.w.org\/{rel}","templated":true}]}}